{"id":1190384,"date":"2026-04-04T00:54:03","date_gmt":"2026-04-03T21:54:03","guid":{"rendered":"https:\/\/ventspils.citro.lv\/veikals\/selerijas-sakne-2sk-niderlande\/"},"modified":"2026-04-10T13:54:26","modified_gmt":"2026-04-10T10:54:26","slug":"selerijas-sakne-2sk-niderlande","status":"publish","type":"product","link":"https:\/\/ventspils.citro.lv\/ru\/veikals\/selerijas-sakne-2sk-niderlande\/","title":{"rendered":"Selerijas sakne 2\u0161\u0137. N\u012bderlande"},"content":{"rendered":"<p>Fas\u0113ts AS Di\u0101na. Uzglab\u0101t t pie +6 l\u012bdz +10 C<\/p>\n","protected":false},"excerpt":{"rendered":"<p>0.69 \u20ac\/kg<\/p>\n","protected":false},"featured_media":1239563,"template":"","meta":{"_acf_changed":false,"inline_featured_image":false},"product_cat":[97,99],"product_tag":[],"acf":[],"aioseo_notices":[],"_links":{"self":[{"href":"https:\/\/ventspils.citro.lv\/ru\/wp-json\/wp\/v2\/product\/1190384"}],"collection":[{"href":"https:\/\/ventspils.citro.lv\/ru\/wp-json\/wp\/v2\/product"}],"about":[{"href":"https:\/\/ventspils.citro.lv\/ru\/wp-json\/wp\/v2\/types\/product"}],"wp:featuredmedia":[{"embeddable":true,"href":"https:\/\/ventspils.citro.lv\/ru\/wp-json\/wp\/v2\/media\/1239563"}],"wp:attachment":[{"href":"https:\/\/ventspils.citro.lv\/ru\/wp-json\/wp\/v2\/media?parent=1190384"}],"wp:term":[{"taxonomy":"product_cat","embeddable":true,"href":"https:\/\/ventspils.citro.lv\/ru\/wp-json\/wp\/v2\/product_cat?post=1190384"},{"taxonomy":"product_tag","embeddable":true,"href":"https:\/\/ventspils.citro.lv\/ru\/wp-json\/wp\/v2\/product_tag?post=1190384"}],"curies":[{"name":"wp","href":"https:\/\/api.w.org\/{rel}","templated":true}]}}