{"id":1183072,"date":"2026-01-29T02:45:14","date_gmt":"2026-01-29T00:45:14","guid":{"rendered":"https:\/\/ventspils.citro.lv\/veikals\/velas-mikstinatajs-silan-dreamy-lotus\/"},"modified":"2026-01-29T02:45:20","modified_gmt":"2026-01-29T00:45:20","slug":"velas-mikstinatajs-silan-dreamy-lotus-1100ml","status":"publish","type":"product","link":"https:\/\/ventspils.citro.lv\/ru\/veikals\/velas-mikstinatajs-silan-dreamy-lotus-1100ml\/","title":{"rendered":"Ve\u013cas m\u012bkstin\u0101t\u0101js Silan Dreamy Lotus 1100ml"},"content":{"rendered":"","protected":false},"excerpt":{"rendered":"<p>5.99 \u20ac\/gb<\/p>\n","protected":false},"featured_media":1201442,"template":"","meta":{"_acf_changed":false,"inline_featured_image":false},"product_cat":[131,184],"product_tag":[],"acf":[],"aioseo_notices":[],"_links":{"self":[{"href":"https:\/\/ventspils.citro.lv\/ru\/wp-json\/wp\/v2\/product\/1183072"}],"collection":[{"href":"https:\/\/ventspils.citro.lv\/ru\/wp-json\/wp\/v2\/product"}],"about":[{"href":"https:\/\/ventspils.citro.lv\/ru\/wp-json\/wp\/v2\/types\/product"}],"wp:featuredmedia":[{"embeddable":true,"href":"https:\/\/ventspils.citro.lv\/ru\/wp-json\/wp\/v2\/media\/1201442"}],"wp:attachment":[{"href":"https:\/\/ventspils.citro.lv\/ru\/wp-json\/wp\/v2\/media?parent=1183072"}],"wp:term":[{"taxonomy":"product_cat","embeddable":true,"href":"https:\/\/ventspils.citro.lv\/ru\/wp-json\/wp\/v2\/product_cat?post=1183072"},{"taxonomy":"product_tag","embeddable":true,"href":"https:\/\/ventspils.citro.lv\/ru\/wp-json\/wp\/v2\/product_tag?post=1183072"}],"curies":[{"name":"wp","href":"https:\/\/api.w.org\/{rel}","templated":true}]}}