{"id":1183064,"date":"2026-04-24T11:45:58","date_gmt":"2026-04-24T08:45:58","guid":{"rendered":"https:\/\/ventspils.citro.lv\/veikals\/schauma-sampuns-viriesiem-400ml\/"},"modified":"2026-04-24T11:46:08","modified_gmt":"2026-04-24T08:46:08","slug":"schauma-sampuns-viriesiem-400ml","status":"publish","type":"product","link":"https:\/\/ventspils.citro.lv\/ru\/veikals\/schauma-sampuns-viriesiem-400ml\/","title":{"rendered":"Schauma \u0161amp\u016bns v\u012brie\u0161iem 400ml"},"content":{"rendered":"","protected":false},"excerpt":{"rendered":"<p>8.23 \u20ac\/l<\/p>\n","protected":false},"featured_media":1253396,"template":"","meta":{"_acf_changed":false,"inline_featured_image":false},"product_cat":[127,160],"product_tag":[],"acf":[],"aioseo_notices":[],"_links":{"self":[{"href":"https:\/\/ventspils.citro.lv\/ru\/wp-json\/wp\/v2\/product\/1183064"}],"collection":[{"href":"https:\/\/ventspils.citro.lv\/ru\/wp-json\/wp\/v2\/product"}],"about":[{"href":"https:\/\/ventspils.citro.lv\/ru\/wp-json\/wp\/v2\/types\/product"}],"wp:featuredmedia":[{"embeddable":true,"href":"https:\/\/ventspils.citro.lv\/ru\/wp-json\/wp\/v2\/media\/1253396"}],"wp:attachment":[{"href":"https:\/\/ventspils.citro.lv\/ru\/wp-json\/wp\/v2\/media?parent=1183064"}],"wp:term":[{"taxonomy":"product_cat","embeddable":true,"href":"https:\/\/ventspils.citro.lv\/ru\/wp-json\/wp\/v2\/product_cat?post=1183064"},{"taxonomy":"product_tag","embeddable":true,"href":"https:\/\/ventspils.citro.lv\/ru\/wp-json\/wp\/v2\/product_tag?post=1183064"}],"curies":[{"name":"wp","href":"https:\/\/api.w.org\/{rel}","templated":true}]}}