{"id":1183050,"date":"2026-03-13T06:18:49","date_gmt":"2026-03-13T04:18:49","guid":{"rendered":"https:\/\/ventspils.citro.lv\/veikals\/garsviela-universala-ar-darzeniem-laasta-200g\/"},"modified":"2026-04-01T13:38:05","modified_gmt":"2026-04-01T10:38:05","slug":"garsviela-universala-ar-darzeniem-laasta-200g","status":"publish","type":"product","link":"https:\/\/ventspils.citro.lv\/ru\/veikals\/garsviela-universala-ar-darzeniem-laasta-200g\/","title":{"rendered":"Gar\u0161viela univers\u0101l\u0101 ar d\u0101rze\u0146iem La&#8217;Asta 200g"},"content":{"rendered":"","protected":false},"excerpt":{"rendered":"<p>3.80 \u20ac\/kg<\/p>\n","protected":false},"featured_media":1225683,"template":"","meta":{"_acf_changed":false,"inline_featured_image":false},"product_cat":[116,165],"product_tag":[],"acf":[],"aioseo_notices":[],"_links":{"self":[{"href":"https:\/\/ventspils.citro.lv\/ru\/wp-json\/wp\/v2\/product\/1183050"}],"collection":[{"href":"https:\/\/ventspils.citro.lv\/ru\/wp-json\/wp\/v2\/product"}],"about":[{"href":"https:\/\/ventspils.citro.lv\/ru\/wp-json\/wp\/v2\/types\/product"}],"wp:featuredmedia":[{"embeddable":true,"href":"https:\/\/ventspils.citro.lv\/ru\/wp-json\/wp\/v2\/media\/1225683"}],"wp:attachment":[{"href":"https:\/\/ventspils.citro.lv\/ru\/wp-json\/wp\/v2\/media?parent=1183050"}],"wp:term":[{"taxonomy":"product_cat","embeddable":true,"href":"https:\/\/ventspils.citro.lv\/ru\/wp-json\/wp\/v2\/product_cat?post=1183050"},{"taxonomy":"product_tag","embeddable":true,"href":"https:\/\/ventspils.citro.lv\/ru\/wp-json\/wp\/v2\/product_tag?post=1183050"}],"curies":[{"name":"wp","href":"https:\/\/api.w.org\/{rel}","templated":true}]}}