{"id":1183043,"date":"2026-04-10T09:54:59","date_gmt":"2026-04-10T06:54:59","guid":{"rendered":"https:\/\/ventspils.citro.lv\/veikals\/darzenu-ratatujs-muizkungu-480g\/"},"modified":"2026-04-10T09:55:10","modified_gmt":"2026-04-10T06:55:10","slug":"darzenu-ratatujs-muizkungu-480g","status":"publish","type":"product","link":"https:\/\/ventspils.citro.lv\/ru\/veikals\/darzenu-ratatujs-muizkungu-480g\/","title":{"rendered":"D\u0101rze\u0146u ratatujs Mui\u017ekungu 480g"},"content":{"rendered":"","protected":false},"excerpt":{"rendered":"<p>5.19 \u20ac\/kg<\/p>\n","protected":false},"featured_media":1244276,"template":"","meta":{"_acf_changed":false,"inline_featured_image":false},"product_cat":[103,137],"product_tag":[],"acf":[],"aioseo_notices":[],"_links":{"self":[{"href":"https:\/\/ventspils.citro.lv\/ru\/wp-json\/wp\/v2\/product\/1183043"}],"collection":[{"href":"https:\/\/ventspils.citro.lv\/ru\/wp-json\/wp\/v2\/product"}],"about":[{"href":"https:\/\/ventspils.citro.lv\/ru\/wp-json\/wp\/v2\/types\/product"}],"wp:featuredmedia":[{"embeddable":true,"href":"https:\/\/ventspils.citro.lv\/ru\/wp-json\/wp\/v2\/media\/1244276"}],"wp:attachment":[{"href":"https:\/\/ventspils.citro.lv\/ru\/wp-json\/wp\/v2\/media?parent=1183043"}],"wp:term":[{"taxonomy":"product_cat","embeddable":true,"href":"https:\/\/ventspils.citro.lv\/ru\/wp-json\/wp\/v2\/product_cat?post=1183043"},{"taxonomy":"product_tag","embeddable":true,"href":"https:\/\/ventspils.citro.lv\/ru\/wp-json\/wp\/v2\/product_tag?post=1183043"}],"curies":[{"name":"wp","href":"https:\/\/api.w.org\/{rel}","templated":true}]}}