{"id":1183039,"date":"2026-04-08T06:30:37","date_gmt":"2026-04-08T03:30:37","guid":{"rendered":"https:\/\/ventspils.citro.lv\/veikals\/konfektes-karamelu-lacitis-muizkungu-18-5g\/"},"modified":"2026-04-08T06:30:48","modified_gmt":"2026-04-08T03:30:48","slug":"konfektes-karamelu-lacitis-muizkungu-18-5g","status":"publish","type":"product","link":"https:\/\/ventspils.citro.lv\/ru\/veikals\/konfektes-karamelu-lacitis-muizkungu-18-5g\/","title":{"rendered":"Konfektes karame\u013cu l\u0101c\u012btis Mui\u017ekungu 18.5g"},"content":{"rendered":"","protected":false},"excerpt":{"rendered":"<p>19.46 \u20ac\/kg<\/p>\n","protected":false},"featured_media":1241419,"template":"","meta":{"_acf_changed":false,"inline_featured_image":false},"product_cat":[533,125],"product_tag":[],"acf":[],"aioseo_notices":[],"_links":{"self":[{"href":"https:\/\/ventspils.citro.lv\/ru\/wp-json\/wp\/v2\/product\/1183039"}],"collection":[{"href":"https:\/\/ventspils.citro.lv\/ru\/wp-json\/wp\/v2\/product"}],"about":[{"href":"https:\/\/ventspils.citro.lv\/ru\/wp-json\/wp\/v2\/types\/product"}],"wp:featuredmedia":[{"embeddable":true,"href":"https:\/\/ventspils.citro.lv\/ru\/wp-json\/wp\/v2\/media\/1241419"}],"wp:attachment":[{"href":"https:\/\/ventspils.citro.lv\/ru\/wp-json\/wp\/v2\/media?parent=1183039"}],"wp:term":[{"taxonomy":"product_cat","embeddable":true,"href":"https:\/\/ventspils.citro.lv\/ru\/wp-json\/wp\/v2\/product_cat?post=1183039"},{"taxonomy":"product_tag","embeddable":true,"href":"https:\/\/ventspils.citro.lv\/ru\/wp-json\/wp\/v2\/product_tag?post=1183039"}],"curies":[{"name":"wp","href":"https:\/\/api.w.org\/{rel}","templated":true}]}}