{"id":1183011,"date":"2026-04-22T07:39:02","date_gmt":"2026-04-22T04:39:02","guid":{"rendered":"https:\/\/ventspils.citro.lv\/veikals\/konserveti-ananasu-gabalini-franko-580-ml\/"},"modified":"2026-04-22T07:39:07","modified_gmt":"2026-04-22T04:39:07","slug":"konserveti-ananasu-gabalini-franko-580-ml","status":"publish","type":"product","link":"https:\/\/ventspils.citro.lv\/ru\/veikals\/konserveti-ananasu-gabalini-franko-580-ml\/","title":{"rendered":"Konserv\u0113ti anan\u0101su gabali\u0146i Franko 580 ml"},"content":{"rendered":"<p>Anan\u0101si, \u016bdens, cukurs, sk\u0101buma regul\u0113t\u0101js: citronsk\u0101be (E330).<\/p>\n","protected":false},"excerpt":{"rendered":"<p>3.19 \u20ac\/kg<\/p>\n","protected":false},"featured_media":1248909,"template":"","meta":{"_acf_changed":false,"inline_featured_image":false},"product_cat":[567,103],"product_tag":[],"acf":[],"aioseo_notices":[],"_links":{"self":[{"href":"https:\/\/ventspils.citro.lv\/ru\/wp-json\/wp\/v2\/product\/1183011"}],"collection":[{"href":"https:\/\/ventspils.citro.lv\/ru\/wp-json\/wp\/v2\/product"}],"about":[{"href":"https:\/\/ventspils.citro.lv\/ru\/wp-json\/wp\/v2\/types\/product"}],"wp:featuredmedia":[{"embeddable":true,"href":"https:\/\/ventspils.citro.lv\/ru\/wp-json\/wp\/v2\/media\/1248909"}],"wp:attachment":[{"href":"https:\/\/ventspils.citro.lv\/ru\/wp-json\/wp\/v2\/media?parent=1183011"}],"wp:term":[{"taxonomy":"product_cat","embeddable":true,"href":"https:\/\/ventspils.citro.lv\/ru\/wp-json\/wp\/v2\/product_cat?post=1183011"},{"taxonomy":"product_tag","embeddable":true,"href":"https:\/\/ventspils.citro.lv\/ru\/wp-json\/wp\/v2\/product_tag?post=1183011"}],"curies":[{"name":"wp","href":"https:\/\/api.w.org\/{rel}","templated":true}]}}