{"id":1183007,"date":"2026-05-08T04:03:58","date_gmt":"2026-05-08T01:03:58","guid":{"rendered":"https:\/\/ventspils.citro.lv\/veikals\/salmini-kartupelu-ar-kecupu-lays-stix-130g\/"},"modified":"2026-05-08T04:04:02","modified_gmt":"2026-05-08T01:04:02","slug":"salmini-kartupelu-ar-kecupu-lays-stix-130g","status":"publish","type":"product","link":"https:\/\/ventspils.citro.lv\/ru\/veikals\/salmini-kartupelu-ar-kecupu-lays-stix-130g\/","title":{"rendered":"Salmi\u0146i kartupe\u013cu ar ke\u010dupu Lay&#8217;s Stix 130g"},"content":{"rendered":"","protected":false},"excerpt":{"rendered":"<p>12.69 \u20ac\/kg<\/p>\n","protected":false},"featured_media":1257900,"template":"","meta":{"_acf_changed":false,"inline_featured_image":false},"product_cat":[125,191],"product_tag":[],"acf":[],"aioseo_notices":[],"_links":{"self":[{"href":"https:\/\/ventspils.citro.lv\/ru\/wp-json\/wp\/v2\/product\/1183007"}],"collection":[{"href":"https:\/\/ventspils.citro.lv\/ru\/wp-json\/wp\/v2\/product"}],"about":[{"href":"https:\/\/ventspils.citro.lv\/ru\/wp-json\/wp\/v2\/types\/product"}],"wp:featuredmedia":[{"embeddable":true,"href":"https:\/\/ventspils.citro.lv\/ru\/wp-json\/wp\/v2\/media\/1257900"}],"wp:attachment":[{"href":"https:\/\/ventspils.citro.lv\/ru\/wp-json\/wp\/v2\/media?parent=1183007"}],"wp:term":[{"taxonomy":"product_cat","embeddable":true,"href":"https:\/\/ventspils.citro.lv\/ru\/wp-json\/wp\/v2\/product_cat?post=1183007"},{"taxonomy":"product_tag","embeddable":true,"href":"https:\/\/ventspils.citro.lv\/ru\/wp-json\/wp\/v2\/product_tag?post=1183007"}],"curies":[{"name":"wp","href":"https:\/\/api.w.org\/{rel}","templated":true}]}}