{"id":1182822,"date":"2026-03-27T06:24:43","date_gmt":"2026-03-27T04:24:43","guid":{"rendered":"https:\/\/ventspils.citro.lv\/veikals\/konfektes-karamele-piena-ar-jogurta-garsu-yogurtini-roshen\/"},"modified":"2026-03-27T06:24:57","modified_gmt":"2026-03-27T04:24:57","slug":"konfektes-karamele-piena-ar-jogurta-garsu-yogurtini-roshen","status":"publish","type":"product","link":"https:\/\/ventspils.citro.lv\/ru\/veikals\/konfektes-karamele-piena-ar-jogurta-garsu-yogurtini-roshen\/","title":{"rendered":"Konfektes karamele piena ar jogurta gar\u0161u Yogurtini Roshen"},"content":{"rendered":"<p>Glikozes s\u012brups, cukurs, augu e\u013c\u013cas (palmu e\u013c\u013ca), sk\u0101buma regul\u0113t\u0101ji (piensk\u0101be, n\u0101trija lakt\u0101ts), jogurts 0,7%, aromatiz\u0113t\u0101ji (&#171;Jogurts&#187;, &#171;\u0136irsis&#187;, &#171;Zemene&#187;, &#171;Plomb\u012brs&#187;; dab\u012bgs &#171;Persiks&#187;), emulgators sojas lecit\u012bns, kr\u0101svielas (antocian\u012bni, paprikas ekstrakts). 100g produkta uzturv\u0113rt\u012bba: ener\u0123\u0113tisk\u0101 v\u0113rt\u012bba 1743kJ\/411kcal, tauki 4,5g, tostarp pies\u0101tin\u0101t\u0101s tauksk\u0101bes 2,3g, og\u013chidr\u0101ti 92,1g, tostarp cukuri 60,2g, olbaltumvielas 0g, s\u0101ls 0,25g.<\/p>\n","protected":false},"excerpt":{"rendered":"<p>4.29 \u20ac\/kg<\/p>\n","protected":false},"featured_media":1235596,"template":"","meta":{"_acf_changed":false,"inline_featured_image":false},"product_cat":[533,125],"product_tag":[],"acf":[],"aioseo_notices":[],"_links":{"self":[{"href":"https:\/\/ventspils.citro.lv\/ru\/wp-json\/wp\/v2\/product\/1182822"}],"collection":[{"href":"https:\/\/ventspils.citro.lv\/ru\/wp-json\/wp\/v2\/product"}],"about":[{"href":"https:\/\/ventspils.citro.lv\/ru\/wp-json\/wp\/v2\/types\/product"}],"wp:featuredmedia":[{"embeddable":true,"href":"https:\/\/ventspils.citro.lv\/ru\/wp-json\/wp\/v2\/media\/1235596"}],"wp:attachment":[{"href":"https:\/\/ventspils.citro.lv\/ru\/wp-json\/wp\/v2\/media?parent=1182822"}],"wp:term":[{"taxonomy":"product_cat","embeddable":true,"href":"https:\/\/ventspils.citro.lv\/ru\/wp-json\/wp\/v2\/product_cat?post=1182822"},{"taxonomy":"product_tag","embeddable":true,"href":"https:\/\/ventspils.citro.lv\/ru\/wp-json\/wp\/v2\/product_tag?post=1182822"}],"curies":[{"name":"wp","href":"https:\/\/api.w.org\/{rel}","templated":true}]}}