{"id":118034,"date":"2026-03-17T03:19:10","date_gmt":"2026-03-17T01:19:10","guid":{"rendered":"https:\/\/ventspils.citro.lv\/veikals\/deserts-uzputenis-dzervenu-citro-300g\/"},"modified":"2026-05-04T10:14:01","modified_gmt":"2026-05-04T07:14:01","slug":"deserts-debesmanna-dzervenu-citro-300g","status":"publish","type":"product","link":"https:\/\/ventspils.citro.lv\/ru\/veikals\/deserts-debesmanna-dzervenu-citro-300g\/","title":{"rendered":"Deserts Debesmanna dz\u0113rve\u0146u Citro 300g"},"content":{"rendered":"<p>Sast\u0101vs:s\u012brups, mann\u0101, cukurs, \u016bdens.Ra\u017eot\u0101js Sia Di\u0101na Bistro.Uzglab\u0101t t pie +2 l\u012bdz +6 C<\/p>\n","protected":false},"excerpt":{"rendered":"<p>4.14 \u20ac\/kg<\/p>\n","protected":false},"featured_media":1226241,"template":"","meta":{"_acf_changed":false,"inline_featured_image":false},"product_cat":[113,221],"product_tag":[],"acf":[],"aioseo_notices":[],"_links":{"self":[{"href":"https:\/\/ventspils.citro.lv\/ru\/wp-json\/wp\/v2\/product\/118034"}],"collection":[{"href":"https:\/\/ventspils.citro.lv\/ru\/wp-json\/wp\/v2\/product"}],"about":[{"href":"https:\/\/ventspils.citro.lv\/ru\/wp-json\/wp\/v2\/types\/product"}],"wp:featuredmedia":[{"embeddable":true,"href":"https:\/\/ventspils.citro.lv\/ru\/wp-json\/wp\/v2\/media\/1226241"}],"wp:attachment":[{"href":"https:\/\/ventspils.citro.lv\/ru\/wp-json\/wp\/v2\/media?parent=118034"}],"wp:term":[{"taxonomy":"product_cat","embeddable":true,"href":"https:\/\/ventspils.citro.lv\/ru\/wp-json\/wp\/v2\/product_cat?post=118034"},{"taxonomy":"product_tag","embeddable":true,"href":"https:\/\/ventspils.citro.lv\/ru\/wp-json\/wp\/v2\/product_tag?post=118034"}],"curies":[{"name":"wp","href":"https:\/\/api.w.org\/{rel}","templated":true}]}}