{"id":1177480,"date":"2026-01-29T02:36:28","date_gmt":"2026-01-29T00:36:28","guid":{"rendered":"https:\/\/ventspils.citro.lv\/veikals\/klucisi-aizdedz-flambit-tuba-gabalini-96gb\/"},"modified":"2026-01-29T02:36:33","modified_gmt":"2026-01-29T00:36:33","slug":"klucisi-aizdedz-flambit-tuba-gabalini-96gb","status":"publish","type":"product","link":"https:\/\/ventspils.citro.lv\/ru\/veikals\/klucisi-aizdedz-flambit-tuba-gabalini-96gb\/","title":{"rendered":"Kluc\u012b\u0161i aizdedz.FLAMBIT TUBA Gabali\u0146i 96gb."},"content":{"rendered":"","protected":false},"excerpt":{"rendered":"<p>0.04 \u20ac\/gb<\/p>\n","protected":false},"featured_media":1201416,"template":"","meta":{"_acf_changed":false,"inline_featured_image":false},"product_cat":[131,183],"product_tag":[],"acf":[],"aioseo_notices":[],"_links":{"self":[{"href":"https:\/\/ventspils.citro.lv\/ru\/wp-json\/wp\/v2\/product\/1177480"}],"collection":[{"href":"https:\/\/ventspils.citro.lv\/ru\/wp-json\/wp\/v2\/product"}],"about":[{"href":"https:\/\/ventspils.citro.lv\/ru\/wp-json\/wp\/v2\/types\/product"}],"wp:featuredmedia":[{"embeddable":true,"href":"https:\/\/ventspils.citro.lv\/ru\/wp-json\/wp\/v2\/media\/1201416"}],"wp:attachment":[{"href":"https:\/\/ventspils.citro.lv\/ru\/wp-json\/wp\/v2\/media?parent=1177480"}],"wp:term":[{"taxonomy":"product_cat","embeddable":true,"href":"https:\/\/ventspils.citro.lv\/ru\/wp-json\/wp\/v2\/product_cat?post=1177480"},{"taxonomy":"product_tag","embeddable":true,"href":"https:\/\/ventspils.citro.lv\/ru\/wp-json\/wp\/v2\/product_tag?post=1177480"}],"curies":[{"name":"wp","href":"https:\/\/api.w.org\/{rel}","templated":true}]}}