{"id":1177458,"date":"2026-01-29T02:21:28","date_gmt":"2026-01-29T00:21:28","guid":{"rendered":"https:\/\/ventspils.citro.lv\/veikals\/sokolade-piena-fazer-ar-vanilas-kakao-gab-180g\/"},"modified":"2026-01-29T02:21:39","modified_gmt":"2026-01-29T00:21:39","slug":"sokolade-piena-fazer-ar-vanilas-kakao-gab-180g","status":"publish","type":"product","link":"https:\/\/ventspils.citro.lv\/ru\/veikals\/sokolade-piena-fazer-ar-vanilas-kakao-gab-180g\/","title":{"rendered":"\u0160okol\u0101de piena Fazer ar vani\u013cas-kakao gab. 180g"},"content":{"rendered":"<p>PIENS, cukurs, kakao sviests, kakao masa, glikozes s\u012brups, saulespu\u0137u e\u013c\u013ca, kakao pulveris, emulgators (lecit\u012bni, t.sk. SOJAS), SVIESTS, v\u0101jPIENA pulveris, karameliz\u0113ts cukurs, s\u0101ls, aromatiz\u0113t\u0101ji, glaz\u0113t\u0101jviela (karnaubvasks). Var satur\u0113t riekstus, mandeles un graudus, kas satur glut\u0113nu. Piena \u0161okol\u0101d\u0113 kakao saturs nav maz\u0101ks par 30%.<\/p>\n","protected":false},"excerpt":{"rendered":"<p>31.61 \u20ac\/kg<\/p>\n","protected":false},"featured_media":1201361,"template":"","meta":{"_acf_changed":false,"inline_featured_image":false},"product_cat":[547,125],"product_tag":[],"acf":[],"aioseo_notices":[],"_links":{"self":[{"href":"https:\/\/ventspils.citro.lv\/ru\/wp-json\/wp\/v2\/product\/1177458"}],"collection":[{"href":"https:\/\/ventspils.citro.lv\/ru\/wp-json\/wp\/v2\/product"}],"about":[{"href":"https:\/\/ventspils.citro.lv\/ru\/wp-json\/wp\/v2\/types\/product"}],"wp:featuredmedia":[{"embeddable":true,"href":"https:\/\/ventspils.citro.lv\/ru\/wp-json\/wp\/v2\/media\/1201361"}],"wp:attachment":[{"href":"https:\/\/ventspils.citro.lv\/ru\/wp-json\/wp\/v2\/media?parent=1177458"}],"wp:term":[{"taxonomy":"product_cat","embeddable":true,"href":"https:\/\/ventspils.citro.lv\/ru\/wp-json\/wp\/v2\/product_cat?post=1177458"},{"taxonomy":"product_tag","embeddable":true,"href":"https:\/\/ventspils.citro.lv\/ru\/wp-json\/wp\/v2\/product_tag?post=1177458"}],"curies":[{"name":"wp","href":"https:\/\/api.w.org\/{rel}","templated":true}]}}