{"id":1168500,"date":"2026-03-18T05:54:11","date_gmt":"2026-03-18T03:54:11","guid":{"rendered":"https:\/\/ventspils.citro.lv\/veikals\/dzervenes-pudercukura-ar-kaneli-muizkungu-85g\/"},"modified":"2026-04-28T14:09:02","modified_gmt":"2026-04-28T11:09:02","slug":"dzervenes-pudercukura-ar-kaneli-muizkungu-85g","status":"publish","type":"product","link":"https:\/\/ventspils.citro.lv\/ru\/veikals\/dzervenes-pudercukura-ar-kaneli-muizkungu-85g\/","title":{"rendered":"Dz\u0113rvenes p\u016bdercukur\u0101 ar kan\u0113li Mui\u017ekungu 85g"},"content":{"rendered":"","protected":false},"excerpt":{"rendered":"<p>25.29 \u20ac\/kg<\/p>\n","protected":false},"featured_media":1228769,"template":"","meta":{"_acf_changed":false,"inline_featured_image":false},"product_cat":[97,98],"product_tag":[],"acf":[],"aioseo_notices":[],"_links":{"self":[{"href":"https:\/\/ventspils.citro.lv\/ru\/wp-json\/wp\/v2\/product\/1168500"}],"collection":[{"href":"https:\/\/ventspils.citro.lv\/ru\/wp-json\/wp\/v2\/product"}],"about":[{"href":"https:\/\/ventspils.citro.lv\/ru\/wp-json\/wp\/v2\/types\/product"}],"wp:featuredmedia":[{"embeddable":true,"href":"https:\/\/ventspils.citro.lv\/ru\/wp-json\/wp\/v2\/media\/1228769"}],"wp:attachment":[{"href":"https:\/\/ventspils.citro.lv\/ru\/wp-json\/wp\/v2\/media?parent=1168500"}],"wp:term":[{"taxonomy":"product_cat","embeddable":true,"href":"https:\/\/ventspils.citro.lv\/ru\/wp-json\/wp\/v2\/product_cat?post=1168500"},{"taxonomy":"product_tag","embeddable":true,"href":"https:\/\/ventspils.citro.lv\/ru\/wp-json\/wp\/v2\/product_tag?post=1168500"}],"curies":[{"name":"wp","href":"https:\/\/api.w.org\/{rel}","templated":true}]}}