{"id":1168488,"date":"2026-04-24T11:42:03","date_gmt":"2026-04-24T08:42:03","guid":{"rendered":"https:\/\/ventspils.citro.lv\/veikals\/tirisanas-lidzeklis-cillit-bang-kitchen-degreaser-500ml\/"},"modified":"2026-04-24T11:42:13","modified_gmt":"2026-04-24T08:42:13","slug":"tirisanas-lidzeklis-cillit-bang-kitchen-degreaser-500ml","status":"publish","type":"product","link":"https:\/\/ventspils.citro.lv\/ru\/veikals\/tirisanas-lidzeklis-cillit-bang-kitchen-degreaser-500ml\/","title":{"rendered":"T\u012br\u012b\u0161anas l\u012bdzeklis Cillit Bang Kitchen Degreaser 500ml"},"content":{"rendered":"","protected":false},"excerpt":{"rendered":"<p>5.18 \u20ac\/l<\/p>\n","protected":false},"featured_media":1253367,"template":"","meta":{"_acf_changed":false,"inline_featured_image":false},"product_cat":[131,169],"product_tag":[],"acf":[],"aioseo_notices":[],"_links":{"self":[{"href":"https:\/\/ventspils.citro.lv\/ru\/wp-json\/wp\/v2\/product\/1168488"}],"collection":[{"href":"https:\/\/ventspils.citro.lv\/ru\/wp-json\/wp\/v2\/product"}],"about":[{"href":"https:\/\/ventspils.citro.lv\/ru\/wp-json\/wp\/v2\/types\/product"}],"wp:featuredmedia":[{"embeddable":true,"href":"https:\/\/ventspils.citro.lv\/ru\/wp-json\/wp\/v2\/media\/1253367"}],"wp:attachment":[{"href":"https:\/\/ventspils.citro.lv\/ru\/wp-json\/wp\/v2\/media?parent=1168488"}],"wp:term":[{"taxonomy":"product_cat","embeddable":true,"href":"https:\/\/ventspils.citro.lv\/ru\/wp-json\/wp\/v2\/product_cat?post=1168488"},{"taxonomy":"product_tag","embeddable":true,"href":"https:\/\/ventspils.citro.lv\/ru\/wp-json\/wp\/v2\/product_tag?post=1168488"}],"curies":[{"name":"wp","href":"https:\/\/api.w.org\/{rel}","templated":true}]}}