{"id":1168477,"date":"2026-04-23T11:54:03","date_gmt":"2026-04-23T08:54:03","guid":{"rendered":"https:\/\/ventspils.citro.lv\/veikals\/persiku-pusites-viegla-sirupa-valdo-850ml-820g-470g\/"},"modified":"2026-04-23T11:54:12","modified_gmt":"2026-04-23T08:54:12","slug":"persiku-pusites-viegla-sirupa-valdo-850ml-820g-470g","status":"publish","type":"product","link":"https:\/\/ventspils.citro.lv\/ru\/veikals\/persiku-pusites-viegla-sirupa-valdo-850ml-820g-470g\/","title":{"rendered":"Persiku pus\u012btes viegl\u0101 s\u012brup\u0101 Valdo 850ml\/820g\/470g"},"content":{"rendered":"<p>persiki, dzeramais \u016bdens, cukurs, glikozes-fruktozes s\u012brups (ja pievienots),sk\u0101buma regul\u0113t\u0101js citronsk\u0101be<\/p>\n","protected":false},"excerpt":{"rendered":"<p>2.87 \u20ac\/kg<\/p>\n","protected":false},"featured_media":1251174,"template":"","meta":{"_acf_changed":false,"inline_featured_image":false},"product_cat":[567,103],"product_tag":[],"acf":[],"aioseo_notices":[],"_links":{"self":[{"href":"https:\/\/ventspils.citro.lv\/ru\/wp-json\/wp\/v2\/product\/1168477"}],"collection":[{"href":"https:\/\/ventspils.citro.lv\/ru\/wp-json\/wp\/v2\/product"}],"about":[{"href":"https:\/\/ventspils.citro.lv\/ru\/wp-json\/wp\/v2\/types\/product"}],"wp:featuredmedia":[{"embeddable":true,"href":"https:\/\/ventspils.citro.lv\/ru\/wp-json\/wp\/v2\/media\/1251174"}],"wp:attachment":[{"href":"https:\/\/ventspils.citro.lv\/ru\/wp-json\/wp\/v2\/media?parent=1168477"}],"wp:term":[{"taxonomy":"product_cat","embeddable":true,"href":"https:\/\/ventspils.citro.lv\/ru\/wp-json\/wp\/v2\/product_cat?post=1168477"},{"taxonomy":"product_tag","embeddable":true,"href":"https:\/\/ventspils.citro.lv\/ru\/wp-json\/wp\/v2\/product_tag?post=1168477"}],"curies":[{"name":"wp","href":"https:\/\/api.w.org\/{rel}","templated":true}]}}