{"id":1168475,"date":"2026-03-04T03:48:56","date_gmt":"2026-03-04T01:48:56","guid":{"rendered":"https:\/\/ventspils.citro.lv\/veikals\/ananasu-gabalini-viegla-sirupa-valdo-850ml-840g-430g\/"},"modified":"2026-03-04T03:49:01","modified_gmt":"2026-03-04T01:49:01","slug":"ananasu-gabalini-viegla-sirupa-valdo-850ml-840g-430g","status":"publish","type":"product","link":"https:\/\/ventspils.citro.lv\/ru\/veikals\/ananasu-gabalini-viegla-sirupa-valdo-850ml-840g-430g\/","title":{"rendered":"Anan\u0101su gabali\u0146i viegl\u0101 s\u012brup\u0101 Valdo 850ml\/840g\/430g"},"content":{"rendered":"<p>anan\u0101su  s\u0137\u0113les, dzeramais \u016bdens, cukurs, sk\u0101buma regul\u0113t\u0101js: citronsk\u0101be.<\/p>\n","protected":false},"excerpt":{"rendered":"<p>2.96 \u20ac\/kg<\/p>\n","protected":false},"featured_media":1221449,"template":"","meta":{"_acf_changed":false,"inline_featured_image":false},"product_cat":[567,103],"product_tag":[],"acf":[],"aioseo_notices":[],"_links":{"self":[{"href":"https:\/\/ventspils.citro.lv\/ru\/wp-json\/wp\/v2\/product\/1168475"}],"collection":[{"href":"https:\/\/ventspils.citro.lv\/ru\/wp-json\/wp\/v2\/product"}],"about":[{"href":"https:\/\/ventspils.citro.lv\/ru\/wp-json\/wp\/v2\/types\/product"}],"wp:featuredmedia":[{"embeddable":true,"href":"https:\/\/ventspils.citro.lv\/ru\/wp-json\/wp\/v2\/media\/1221449"}],"wp:attachment":[{"href":"https:\/\/ventspils.citro.lv\/ru\/wp-json\/wp\/v2\/media?parent=1168475"}],"wp:term":[{"taxonomy":"product_cat","embeddable":true,"href":"https:\/\/ventspils.citro.lv\/ru\/wp-json\/wp\/v2\/product_cat?post=1168475"},{"taxonomy":"product_tag","embeddable":true,"href":"https:\/\/ventspils.citro.lv\/ru\/wp-json\/wp\/v2\/product_tag?post=1168475"}],"curies":[{"name":"wp","href":"https:\/\/api.w.org\/{rel}","templated":true}]}}