{"id":1168473,"date":"2026-04-24T11:39:25","date_gmt":"2026-04-24T08:39:25","guid":{"rendered":"https:\/\/ventspils.citro.lv\/veikals\/ananasu-skeles-viegla-sirupa-valdo-850ml-820g-470g\/"},"modified":"2026-04-30T09:15:23","modified_gmt":"2026-04-30T06:15:23","slug":"ananasu-skeles-viegla-sirupa-valdo-850ml-820g-470g","status":"publish","type":"product","link":"https:\/\/ventspils.citro.lv\/ru\/veikals\/ananasu-skeles-viegla-sirupa-valdo-850ml-820g-470g\/","title":{"rendered":"Anan\u0101su \u0161\u0137\u0113les viegl\u0101 s\u012brup\u0101 Valdo 850ml\/820g\/470g"},"content":{"rendered":"<p>anan\u0101su  s\u0137\u0113les, dzeramais \u016bdens, cukurs, sk\u0101buma regul\u0113t\u0101js: citronsk\u0101be.<\/p>\n","protected":false},"excerpt":{"rendered":"<p>2.87 \u20ac\/kg<\/p>\n","protected":false},"featured_media":1253358,"template":"","meta":{"_acf_changed":false,"inline_featured_image":false},"product_cat":[567,103],"product_tag":[],"acf":[],"aioseo_notices":[],"_links":{"self":[{"href":"https:\/\/ventspils.citro.lv\/ru\/wp-json\/wp\/v2\/product\/1168473"}],"collection":[{"href":"https:\/\/ventspils.citro.lv\/ru\/wp-json\/wp\/v2\/product"}],"about":[{"href":"https:\/\/ventspils.citro.lv\/ru\/wp-json\/wp\/v2\/types\/product"}],"wp:featuredmedia":[{"embeddable":true,"href":"https:\/\/ventspils.citro.lv\/ru\/wp-json\/wp\/v2\/media\/1253358"}],"wp:attachment":[{"href":"https:\/\/ventspils.citro.lv\/ru\/wp-json\/wp\/v2\/media?parent=1168473"}],"wp:term":[{"taxonomy":"product_cat","embeddable":true,"href":"https:\/\/ventspils.citro.lv\/ru\/wp-json\/wp\/v2\/product_cat?post=1168473"},{"taxonomy":"product_tag","embeddable":true,"href":"https:\/\/ventspils.citro.lv\/ru\/wp-json\/wp\/v2\/product_tag?post=1168473"}],"curies":[{"name":"wp","href":"https:\/\/api.w.org\/{rel}","templated":true}]}}