{"id":1168458,"date":"2026-04-24T11:33:14","date_gmt":"2026-04-24T08:33:14","guid":{"rendered":"https:\/\/ventspils.citro.lv\/veikals\/konfektes-kosl-ar-zemenu-garsu-chewits-juicy-bites-115g\/"},"modified":"2026-04-24T11:33:19","modified_gmt":"2026-04-24T08:33:19","slug":"konfektes-kosl-ar-zemenu-garsu-chewits-juicy-bites-115g","status":"publish","type":"product","link":"https:\/\/ventspils.citro.lv\/ru\/veikals\/konfektes-kosl-ar-zemenu-garsu-chewits-juicy-bites-115g\/","title":{"rendered":"Konfektes ko\u0161\u013c. ar zeme\u0146u gar\u0161u Chewits Juicy Bites 115g"},"content":{"rendered":"","protected":false},"excerpt":{"rendered":"<p>19.91 \u20ac\/kg<\/p>\n","protected":false},"featured_media":1253332,"template":"","meta":{"_acf_changed":false,"inline_featured_image":false},"product_cat":[533,125],"product_tag":[],"acf":[],"aioseo_notices":[],"_links":{"self":[{"href":"https:\/\/ventspils.citro.lv\/ru\/wp-json\/wp\/v2\/product\/1168458"}],"collection":[{"href":"https:\/\/ventspils.citro.lv\/ru\/wp-json\/wp\/v2\/product"}],"about":[{"href":"https:\/\/ventspils.citro.lv\/ru\/wp-json\/wp\/v2\/types\/product"}],"wp:featuredmedia":[{"embeddable":true,"href":"https:\/\/ventspils.citro.lv\/ru\/wp-json\/wp\/v2\/media\/1253332"}],"wp:attachment":[{"href":"https:\/\/ventspils.citro.lv\/ru\/wp-json\/wp\/v2\/media?parent=1168458"}],"wp:term":[{"taxonomy":"product_cat","embeddable":true,"href":"https:\/\/ventspils.citro.lv\/ru\/wp-json\/wp\/v2\/product_cat?post=1168458"},{"taxonomy":"product_tag","embeddable":true,"href":"https:\/\/ventspils.citro.lv\/ru\/wp-json\/wp\/v2\/product_tag?post=1168458"}],"curies":[{"name":"wp","href":"https:\/\/api.w.org\/{rel}","templated":true}]}}