{"id":1168447,"date":"2026-03-18T05:45:42","date_gmt":"2026-03-18T03:45:42","guid":{"rendered":"https:\/\/ventspils.citro.lv\/veikals\/teja-zala-blueberry-goji-lipton-20tm\/"},"modified":"2026-03-18T05:45:46","modified_gmt":"2026-03-18T03:45:46","slug":"teja-zala-blueberry-goji-lipton-20tm","status":"publish","type":"product","link":"https:\/\/ventspils.citro.lv\/ru\/veikals\/teja-zala-blueberry-goji-lipton-20tm\/","title":{"rendered":"T\u0113ja za\u013c\u0101 Blueberry goji Lipton 20tm"},"content":{"rendered":"","protected":false},"excerpt":{"rendered":"<p>69.53 \u20ac\/kg<\/p>\n","protected":false},"featured_media":1228727,"template":"","meta":{"_acf_changed":false,"inline_featured_image":false},"product_cat":[142,143],"product_tag":[],"acf":[],"aioseo_notices":[],"_links":{"self":[{"href":"https:\/\/ventspils.citro.lv\/ru\/wp-json\/wp\/v2\/product\/1168447"}],"collection":[{"href":"https:\/\/ventspils.citro.lv\/ru\/wp-json\/wp\/v2\/product"}],"about":[{"href":"https:\/\/ventspils.citro.lv\/ru\/wp-json\/wp\/v2\/types\/product"}],"wp:featuredmedia":[{"embeddable":true,"href":"https:\/\/ventspils.citro.lv\/ru\/wp-json\/wp\/v2\/media\/1228727"}],"wp:attachment":[{"href":"https:\/\/ventspils.citro.lv\/ru\/wp-json\/wp\/v2\/media?parent=1168447"}],"wp:term":[{"taxonomy":"product_cat","embeddable":true,"href":"https:\/\/ventspils.citro.lv\/ru\/wp-json\/wp\/v2\/product_cat?post=1168447"},{"taxonomy":"product_tag","embeddable":true,"href":"https:\/\/ventspils.citro.lv\/ru\/wp-json\/wp\/v2\/product_tag?post=1168447"}],"curies":[{"name":"wp","href":"https:\/\/api.w.org\/{rel}","templated":true}]}}