{"id":1165967,"date":"2026-05-01T01:42:51","date_gmt":"2026-04-30T22:42:51","guid":{"rendered":"https:\/\/ventspils.citro.lv\/veikals\/jogurts-fantasia-vanilas-ar-mms-draz-120g\/"},"modified":"2026-05-01T01:42:59","modified_gmt":"2026-04-30T22:42:59","slug":"jogurts-fantasia-vanilas-ar-mms-draz-120g","status":"publish","type":"product","link":"https:\/\/ventspils.citro.lv\/ru\/veikals\/jogurts-fantasia-vanilas-ar-mms-draz-120g\/","title":{"rendered":"Jogurts Fantasia vani\u013cas ar M&#038;M&#8217;s dra\u017e.120g"},"content":{"rendered":"<p>Vani\u013cas aromatiz\u0113ts jogurts: V\u0100JPIENS, \u016bdens, V\u0100JPIENA pulveris, cukurs, KR\u0112JUMS, modific\u0113ta ciete, koncentr\u0113ta sula: no \u0137irbjiem un burk\u0101niem, no burk\u0101niem un \u0101boliem; dab\u012bgs aromatiz\u0113t\u0101js, dab\u012bgs vani\u013cas aromatiz\u0113t\u0101js, sk\u0101buma regul\u0113t\u0101ji (citronsk\u0101be, n\u0101trija citr\u0101ts), dz\u012bv\u0101s jogurta bakt\u0113rijas, biezin\u0101t\u0101js (ksant\u0101na sve\u0137i); piena \u0161okol\u0101des M&#038;M&#8217;s p\u0101rslas ar krauk\u0161\u0137\u012bg\u0101m kr\u0101sain\u0101m \u010daumal\u0101m (13 % M&#038;M&#8217;s piena \u0161okol\u0101des konfekt\u0113m (\u0161okol\u0101de 68 %), 120 g (104 g jogurta + 16 g konfek\u0161u): cukurs, kakao masa, V\u0100JPIENA pulveris, kakao sviests, s\u016bkalu perme\u0101ts (no PIENA), ciete, piena tauki, augu e\u013c\u013ca (palmu, \u0161\u012b, palmu kauli\u0146u), glikozes s\u012brups, dekstr\u012bns, emulgators (SOJAS lecit\u012bns), s\u0101ls, gl\u0101z\u0113t\u0101jviela (karnauba vasks), kr\u0101svielas (E100, E133, E160a, E160e, E162, E170), aromatiz\u0113t\u0101ji. Piena \u0161okol\u0101de papildus kakao sviestam satur ar\u012b augu taukus<\/p>\n","protected":false},"excerpt":{"rendered":"<p>11.58 \u20ac\/kg<\/p>\n","protected":false},"featured_media":1255425,"template":"","meta":{"_acf_changed":false,"inline_featured_image":false},"product_cat":[95,100],"product_tag":[],"acf":[],"aioseo_notices":[],"_links":{"self":[{"href":"https:\/\/ventspils.citro.lv\/ru\/wp-json\/wp\/v2\/product\/1165967"}],"collection":[{"href":"https:\/\/ventspils.citro.lv\/ru\/wp-json\/wp\/v2\/product"}],"about":[{"href":"https:\/\/ventspils.citro.lv\/ru\/wp-json\/wp\/v2\/types\/product"}],"wp:featuredmedia":[{"embeddable":true,"href":"https:\/\/ventspils.citro.lv\/ru\/wp-json\/wp\/v2\/media\/1255425"}],"wp:attachment":[{"href":"https:\/\/ventspils.citro.lv\/ru\/wp-json\/wp\/v2\/media?parent=1165967"}],"wp:term":[{"taxonomy":"product_cat","embeddable":true,"href":"https:\/\/ventspils.citro.lv\/ru\/wp-json\/wp\/v2\/product_cat?post=1165967"},{"taxonomy":"product_tag","embeddable":true,"href":"https:\/\/ventspils.citro.lv\/ru\/wp-json\/wp\/v2\/product_tag?post=1165967"}],"curies":[{"name":"wp","href":"https:\/\/api.w.org\/{rel}","templated":true}]}}