{"id":1165966,"date":"2026-04-30T02:57:25","date_gmt":"2026-04-29T23:57:25","guid":{"rendered":"https:\/\/ventspils.citro.lv\/veikals\/jogurts-fantasia-kremveida-ar-mars-drazejam-104g\/"},"modified":"2026-04-30T02:57:37","modified_gmt":"2026-04-29T23:57:37","slug":"jogurts-fantasia-kremveida-ar-mars-drazejam-104g","status":"publish","type":"product","link":"https:\/\/ventspils.citro.lv\/ru\/veikals\/jogurts-fantasia-kremveida-ar-mars-drazejam-104g\/","title":{"rendered":"Jogurts Fantasia kr\u0113mveida ar Mars dra\u017eej\u0101m 104g"},"content":{"rendered":"<p>V\u0100JPIENS, KR\u0112JUMS, cukurs, V\u0100JPIENA pulveris, dz\u012bv\u0101s jogurta bakt\u0113rijas; 12,5%  MARS dra\u017eej\u0101m, 104 g (91 g jogurta + 13 g MARS mais\u012bjums, (\u0161okol\u0101des gabali\u0146i, \u0161okol\u0101des gabali\u0146i, iesala aromatiz\u0113ti gabali\u0146i piena \u0161okol\u0101d\u0113 un karame\u013cu kubi\u0146i): cukurs, augu e\u013c\u013ca (palmu, kokosriekstu, saulespu\u0137u), kakao sviests, V\u0100JPIENA pulveris, ciete (kukur\u016bzas, kvie\u0161u), kakao masa, karame\u013cu pulveris (V\u0100JPIENS, cukurs, salds s\u016bkalu pulveris (no PIENA), sviests, dab\u012bgs vani\u013cas aromatiz\u0113t\u0101js), saldin\u0101ts iebiezin\u0101tais piens (PIENS, cukurs), mitrumuztur\u0113tajs (glicer\u012bns), laktoze (no PIENA), s\u016bkalu pulveris (no PIENA), piena tauki, mie\u017eu iesala s\u012brups, dekstroze, karameliz\u0113ts cukurs, s\u016bkalu perme\u0101ts (no PIENA), dab\u012bgie aromatiz\u0113t\u0101ji, s\u0101ls, gl\u0101z\u0113t\u0101jvielas (arabika sve\u0137i, \u0161ellaka sve\u0137i), kakao pulveris ar samazin\u0101tu tauku saturu, emulgators (SOJAS lecit\u012bns). Piena \u0161okol\u0101de papildus kakao sviestam satur ar\u012b augu taukus.<\/p>\n","protected":false},"excerpt":{"rendered":"<p>13.37 \u20ac\/kg<\/p>\n","protected":false},"featured_media":1255210,"template":"","meta":{"_acf_changed":false,"inline_featured_image":false},"product_cat":[95,100],"product_tag":[],"acf":[],"aioseo_notices":[],"_links":{"self":[{"href":"https:\/\/ventspils.citro.lv\/ru\/wp-json\/wp\/v2\/product\/1165966"}],"collection":[{"href":"https:\/\/ventspils.citro.lv\/ru\/wp-json\/wp\/v2\/product"}],"about":[{"href":"https:\/\/ventspils.citro.lv\/ru\/wp-json\/wp\/v2\/types\/product"}],"wp:featuredmedia":[{"embeddable":true,"href":"https:\/\/ventspils.citro.lv\/ru\/wp-json\/wp\/v2\/media\/1255210"}],"wp:attachment":[{"href":"https:\/\/ventspils.citro.lv\/ru\/wp-json\/wp\/v2\/media?parent=1165966"}],"wp:term":[{"taxonomy":"product_cat","embeddable":true,"href":"https:\/\/ventspils.citro.lv\/ru\/wp-json\/wp\/v2\/product_cat?post=1165966"},{"taxonomy":"product_tag","embeddable":true,"href":"https:\/\/ventspils.citro.lv\/ru\/wp-json\/wp\/v2\/product_tag?post=1165966"}],"curies":[{"name":"wp","href":"https:\/\/api.w.org\/{rel}","templated":true}]}}