{"id":1163546,"date":"2026-04-24T05:15:39","date_gmt":"2026-04-24T02:15:39","guid":{"rendered":"https:\/\/ventspils.citro.lv\/veikals\/sprotes-tomatu-merce-rigas-zelts-stikla-250g\/"},"modified":"2026-04-24T05:15:44","modified_gmt":"2026-04-24T02:15:44","slug":"sprotes-tomatu-merce-rigas-zelts-stikla-250g","status":"publish","type":"product","link":"https:\/\/ventspils.citro.lv\/ru\/veikals\/sprotes-tomatu-merce-rigas-zelts-stikla-250g\/","title":{"rendered":"\u0160protes tom\u0101tu m\u0113rc\u0113 R\u012bgas Zelts stikl\u0101 250g"},"content":{"rendered":"","protected":false},"excerpt":{"rendered":"<p>12.36 \u20ac\/kg<\/p>\n","protected":false},"featured_media":1251711,"template":"","meta":{"_acf_changed":false,"inline_featured_image":false},"product_cat":[540,135],"product_tag":[],"acf":[],"aioseo_notices":[],"_links":{"self":[{"href":"https:\/\/ventspils.citro.lv\/ru\/wp-json\/wp\/v2\/product\/1163546"}],"collection":[{"href":"https:\/\/ventspils.citro.lv\/ru\/wp-json\/wp\/v2\/product"}],"about":[{"href":"https:\/\/ventspils.citro.lv\/ru\/wp-json\/wp\/v2\/types\/product"}],"wp:featuredmedia":[{"embeddable":true,"href":"https:\/\/ventspils.citro.lv\/ru\/wp-json\/wp\/v2\/media\/1251711"}],"wp:attachment":[{"href":"https:\/\/ventspils.citro.lv\/ru\/wp-json\/wp\/v2\/media?parent=1163546"}],"wp:term":[{"taxonomy":"product_cat","embeddable":true,"href":"https:\/\/ventspils.citro.lv\/ru\/wp-json\/wp\/v2\/product_cat?post=1163546"},{"taxonomy":"product_tag","embeddable":true,"href":"https:\/\/ventspils.citro.lv\/ru\/wp-json\/wp\/v2\/product_tag?post=1163546"}],"curies":[{"name":"wp","href":"https:\/\/api.w.org\/{rel}","templated":true}]}}