{"id":1163289,"date":"2026-04-23T11:55:00","date_gmt":"2026-04-23T08:55:00","guid":{"rendered":"https:\/\/ventspils.citro.lv\/veikals\/velas-mikstinatajs-lenor-lotus-flower-diamond-figs-675ml\/"},"modified":"2026-04-23T11:55:11","modified_gmt":"2026-04-23T08:55:11","slug":"velas-mikstinatajs-lenor-lotus-flower-diamond-figs-675ml","status":"publish","type":"product","link":"https:\/\/ventspils.citro.lv\/ru\/veikals\/velas-mikstinatajs-lenor-lotus-flower-diamond-figs-675ml\/","title":{"rendered":"Ve\u013cas m\u012bkstin\u0101t\u0101js Lenor Lotus Flower &#038; Diamond Figs 675ml"},"content":{"rendered":"","protected":false},"excerpt":{"rendered":"<p>4.62 \u20ac\/l<\/p>\n","protected":false},"featured_media":1251184,"template":"","meta":{"_acf_changed":false,"inline_featured_image":false},"product_cat":[131,184],"product_tag":[],"acf":[],"aioseo_notices":[],"_links":{"self":[{"href":"https:\/\/ventspils.citro.lv\/ru\/wp-json\/wp\/v2\/product\/1163289"}],"collection":[{"href":"https:\/\/ventspils.citro.lv\/ru\/wp-json\/wp\/v2\/product"}],"about":[{"href":"https:\/\/ventspils.citro.lv\/ru\/wp-json\/wp\/v2\/types\/product"}],"wp:featuredmedia":[{"embeddable":true,"href":"https:\/\/ventspils.citro.lv\/ru\/wp-json\/wp\/v2\/media\/1251184"}],"wp:attachment":[{"href":"https:\/\/ventspils.citro.lv\/ru\/wp-json\/wp\/v2\/media?parent=1163289"}],"wp:term":[{"taxonomy":"product_cat","embeddable":true,"href":"https:\/\/ventspils.citro.lv\/ru\/wp-json\/wp\/v2\/product_cat?post=1163289"},{"taxonomy":"product_tag","embeddable":true,"href":"https:\/\/ventspils.citro.lv\/ru\/wp-json\/wp\/v2\/product_tag?post=1163289"}],"curies":[{"name":"wp","href":"https:\/\/api.w.org\/{rel}","templated":true}]}}