{"id":1160304,"date":"2026-04-24T11:39:14","date_gmt":"2026-04-24T08:39:14","guid":{"rendered":"https:\/\/ventspils.citro.lv\/veikals\/velas-mazgasanas-kapsulas-ariel-color-30gb\/"},"modified":"2026-04-24T11:39:24","modified_gmt":"2026-04-24T08:39:24","slug":"velas-mazgasanas-kapsulas-ariel-color-30gb","status":"publish","type":"product","link":"https:\/\/ventspils.citro.lv\/ru\/veikals\/velas-mazgasanas-kapsulas-ariel-color-30gb\/","title":{"rendered":"Ve\u013cas mazg\u0101\u0161anas kapsulas Ariel Color 30gb"},"content":{"rendered":"","protected":false},"excerpt":{"rendered":"<p>0.43 \u20ac\/gb<\/p>\n","protected":false},"featured_media":1253357,"template":"","meta":{"_acf_changed":false,"inline_featured_image":false},"product_cat":[131,184],"product_tag":[],"acf":[],"aioseo_notices":[],"_links":{"self":[{"href":"https:\/\/ventspils.citro.lv\/ru\/wp-json\/wp\/v2\/product\/1160304"}],"collection":[{"href":"https:\/\/ventspils.citro.lv\/ru\/wp-json\/wp\/v2\/product"}],"about":[{"href":"https:\/\/ventspils.citro.lv\/ru\/wp-json\/wp\/v2\/types\/product"}],"wp:featuredmedia":[{"embeddable":true,"href":"https:\/\/ventspils.citro.lv\/ru\/wp-json\/wp\/v2\/media\/1253357"}],"wp:attachment":[{"href":"https:\/\/ventspils.citro.lv\/ru\/wp-json\/wp\/v2\/media?parent=1160304"}],"wp:term":[{"taxonomy":"product_cat","embeddable":true,"href":"https:\/\/ventspils.citro.lv\/ru\/wp-json\/wp\/v2\/product_cat?post=1160304"},{"taxonomy":"product_tag","embeddable":true,"href":"https:\/\/ventspils.citro.lv\/ru\/wp-json\/wp\/v2\/product_tag?post=1160304"}],"curies":[{"name":"wp","href":"https:\/\/api.w.org\/{rel}","templated":true}]}}