{"id":1160283,"date":"2026-04-10T09:57:34","date_gmt":"2026-04-10T06:57:34","guid":{"rendered":"https:\/\/ventspils.citro.lv\/veikals\/merce-saldskaba-medus-calim-spilva-510g\/"},"modified":"2026-04-10T09:57:39","modified_gmt":"2026-04-10T06:57:39","slug":"merce-saldskaba-medus-calim-spilva-510g","status":"publish","type":"product","link":"https:\/\/ventspils.citro.lv\/ru\/veikals\/merce-saldskaba-medus-calim-spilva-510g\/","title":{"rendered":"M\u0113rce saldsk\u0101b\u0101 medus c\u0101lim Spilva 510g"},"content":{"rendered":"","protected":false},"excerpt":{"rendered":"<p>6.45 \u20ac\/kg<\/p>\n","protected":false},"featured_media":1244285,"template":"","meta":{"_acf_changed":false,"inline_featured_image":false},"product_cat":[116,148],"product_tag":[],"acf":[],"aioseo_notices":[],"_links":{"self":[{"href":"https:\/\/ventspils.citro.lv\/ru\/wp-json\/wp\/v2\/product\/1160283"}],"collection":[{"href":"https:\/\/ventspils.citro.lv\/ru\/wp-json\/wp\/v2\/product"}],"about":[{"href":"https:\/\/ventspils.citro.lv\/ru\/wp-json\/wp\/v2\/types\/product"}],"wp:featuredmedia":[{"embeddable":true,"href":"https:\/\/ventspils.citro.lv\/ru\/wp-json\/wp\/v2\/media\/1244285"}],"wp:attachment":[{"href":"https:\/\/ventspils.citro.lv\/ru\/wp-json\/wp\/v2\/media?parent=1160283"}],"wp:term":[{"taxonomy":"product_cat","embeddable":true,"href":"https:\/\/ventspils.citro.lv\/ru\/wp-json\/wp\/v2\/product_cat?post=1160283"},{"taxonomy":"product_tag","embeddable":true,"href":"https:\/\/ventspils.citro.lv\/ru\/wp-json\/wp\/v2\/product_tag?post=1160283"}],"curies":[{"name":"wp","href":"https:\/\/api.w.org\/{rel}","templated":true}]}}