{"id":1160279,"date":"2026-03-12T07:21:14","date_gmt":"2026-03-12T05:21:14","guid":{"rendered":"https:\/\/ventspils.citro.lv\/veikals\/energijas-dzeriens-lucky-punch-pineapple-0-33l\/"},"modified":"2026-03-12T07:21:19","modified_gmt":"2026-03-12T05:21:19","slug":"bezalk-dzeriens-lucky-punch-pineapple-0-33l","status":"publish","type":"product","link":"https:\/\/ventspils.citro.lv\/ru\/veikals\/bezalk-dzeriens-lucky-punch-pineapple-0-33l\/","title":{"rendered":"Bezalk. dz\u0113riens Lucky Punch Pineapple 0.33l"},"content":{"rendered":"<p>\u016bdens; oglek\u013ca dioks\u012bds; sk\u0101bes: citronsk\u0101be; \u0101bolsk\u0101be; BCAA aminosk\u0101bes (L-leic\u012bns, L-izoleic\u012bns, L-val\u012bns);sk\u0101buma regul\u0113t\u0101js: n\u0101trija citr\u0101ti; dab\u012bgie aromatiz\u0113t\u0101ji; kofe\u012bns (0,032%), saldin\u0101t\u0101ji: sukraloze, acesulf\u0101ms K: vitam\u012bni: pantot\u0113nsk\u0101be, B6 vitam\u012bns, biot\u012bns, B12 vitam\u012bns.<\/p>\n","protected":false},"excerpt":{"rendered":"<p>4.39 \u20ac\/l<\/p>\n","protected":false},"featured_media":1224606,"template":"","meta":{"_acf_changed":false,"inline_featured_image":false},"product_cat":[106,107],"product_tag":[],"acf":[],"aioseo_notices":[],"_links":{"self":[{"href":"https:\/\/ventspils.citro.lv\/ru\/wp-json\/wp\/v2\/product\/1160279"}],"collection":[{"href":"https:\/\/ventspils.citro.lv\/ru\/wp-json\/wp\/v2\/product"}],"about":[{"href":"https:\/\/ventspils.citro.lv\/ru\/wp-json\/wp\/v2\/types\/product"}],"wp:featuredmedia":[{"embeddable":true,"href":"https:\/\/ventspils.citro.lv\/ru\/wp-json\/wp\/v2\/media\/1224606"}],"wp:attachment":[{"href":"https:\/\/ventspils.citro.lv\/ru\/wp-json\/wp\/v2\/media?parent=1160279"}],"wp:term":[{"taxonomy":"product_cat","embeddable":true,"href":"https:\/\/ventspils.citro.lv\/ru\/wp-json\/wp\/v2\/product_cat?post=1160279"},{"taxonomy":"product_tag","embeddable":true,"href":"https:\/\/ventspils.citro.lv\/ru\/wp-json\/wp\/v2\/product_tag?post=1160279"}],"curies":[{"name":"wp","href":"https:\/\/api.w.org\/{rel}","templated":true}]}}