{"id":1160278,"date":"2026-03-12T07:21:03","date_gmt":"2026-03-12T05:21:03","guid":{"rendered":"https:\/\/ventspils.citro.lv\/veikals\/energijas-dzeriens-lucky-punch-wild-berries-0-33l\/"},"modified":"2026-03-12T07:21:13","modified_gmt":"2026-03-12T05:21:13","slug":"energijas-dzeriens-lucky-punch-wild-berries-0-33l","status":"publish","type":"product","link":"https:\/\/ventspils.citro.lv\/ru\/veikals\/energijas-dzeriens-lucky-punch-wild-berries-0-33l\/","title":{"rendered":"Ener\u0123ijas dz\u0113riens Lucky Punch Wild berries 0.33l"},"content":{"rendered":"<p>\u016bdens, fruktozes-glikozes s\u012brups, sk\u0101buma regul\u0113t\u0101ji- citronsk\u0101be, n\u0101trija citr\u0101ts, og\u013csk\u0101b\u0101 g\u0101ze, taur\u012bns(0,4%), aromatiz\u0113t\u0101js, kofe\u012bns (0,032%), vitam\u012bni( niac\u012bns, pantot\u0113nsk\u0101be, B6, folijsk\u0101be), melno burk\u0101nu koncentr\u0101ts, konservants-k\u0101lija sorb\u0101ts.<\/p>\n","protected":false},"excerpt":{"rendered":"<p>4.39 \u20ac\/l<\/p>\n","protected":false},"featured_media":1224605,"template":"","meta":{"_acf_changed":false,"inline_featured_image":false},"product_cat":[106,217],"product_tag":[],"acf":[],"aioseo_notices":[],"_links":{"self":[{"href":"https:\/\/ventspils.citro.lv\/ru\/wp-json\/wp\/v2\/product\/1160278"}],"collection":[{"href":"https:\/\/ventspils.citro.lv\/ru\/wp-json\/wp\/v2\/product"}],"about":[{"href":"https:\/\/ventspils.citro.lv\/ru\/wp-json\/wp\/v2\/types\/product"}],"wp:featuredmedia":[{"embeddable":true,"href":"https:\/\/ventspils.citro.lv\/ru\/wp-json\/wp\/v2\/media\/1224605"}],"wp:attachment":[{"href":"https:\/\/ventspils.citro.lv\/ru\/wp-json\/wp\/v2\/media?parent=1160278"}],"wp:term":[{"taxonomy":"product_cat","embeddable":true,"href":"https:\/\/ventspils.citro.lv\/ru\/wp-json\/wp\/v2\/product_cat?post=1160278"},{"taxonomy":"product_tag","embeddable":true,"href":"https:\/\/ventspils.citro.lv\/ru\/wp-json\/wp\/v2\/product_tag?post=1160278"}],"curies":[{"name":"wp","href":"https:\/\/api.w.org\/{rel}","templated":true}]}}