{"id":1160170,"date":"2026-03-18T03:46:48","date_gmt":"2026-03-18T01:46:48","guid":{"rendered":"https:\/\/ventspils.citro.lv\/veikals\/parslu-auzu-putra-ar-abolu-un-kaneli-axa-40g\/"},"modified":"2026-03-18T03:46:53","modified_gmt":"2026-03-18T01:46:53","slug":"parslu-auzu-putra-ar-abolu-un-kaneli-axa-40g","status":"publish","type":"product","link":"https:\/\/ventspils.citro.lv\/ru\/veikals\/parslu-auzu-putra-ar-abolu-un-kaneli-axa-40g\/","title":{"rendered":"P\u0101rslu auzu putra ar \u0101bolu un kan\u0113li Axa 40g"},"content":{"rendered":"","protected":false},"excerpt":{"rendered":"<p>12.25 \u20ac\/kg<\/p>\n","protected":false},"featured_media":1228217,"template":"","meta":{"_acf_changed":false,"inline_featured_image":false},"product_cat":[118,123],"product_tag":[],"acf":[],"aioseo_notices":[],"_links":{"self":[{"href":"https:\/\/ventspils.citro.lv\/ru\/wp-json\/wp\/v2\/product\/1160170"}],"collection":[{"href":"https:\/\/ventspils.citro.lv\/ru\/wp-json\/wp\/v2\/product"}],"about":[{"href":"https:\/\/ventspils.citro.lv\/ru\/wp-json\/wp\/v2\/types\/product"}],"wp:featuredmedia":[{"embeddable":true,"href":"https:\/\/ventspils.citro.lv\/ru\/wp-json\/wp\/v2\/media\/1228217"}],"wp:attachment":[{"href":"https:\/\/ventspils.citro.lv\/ru\/wp-json\/wp\/v2\/media?parent=1160170"}],"wp:term":[{"taxonomy":"product_cat","embeddable":true,"href":"https:\/\/ventspils.citro.lv\/ru\/wp-json\/wp\/v2\/product_cat?post=1160170"},{"taxonomy":"product_tag","embeddable":true,"href":"https:\/\/ventspils.citro.lv\/ru\/wp-json\/wp\/v2\/product_tag?post=1160170"}],"curies":[{"name":"wp","href":"https:\/\/api.w.org\/{rel}","templated":true}]}}