{"id":1160122,"date":"2026-04-18T01:01:01","date_gmt":"2026-04-17T22:01:01","guid":{"rendered":"https:\/\/ventspils.citro.lv\/veikals\/olivas-zalas-bez-kauliniem-314g\/"},"modified":"2026-04-18T01:01:12","modified_gmt":"2026-04-17T22:01:12","slug":"olivas-zalas-bez-kauliniem-314g","status":"publish","type":"product","link":"https:\/\/ventspils.citro.lv\/ru\/veikals\/olivas-zalas-bez-kauliniem-314g\/","title":{"rendered":"Ol\u012bvas za\u013c\u0101s bez kauli\u0146iem 314g"},"content":{"rendered":"","protected":false},"excerpt":{"rendered":"<p>4.75 \u20ac\/kg<\/p>\n","protected":false},"featured_media":1247013,"template":"","meta":{"_acf_changed":false,"inline_featured_image":false},"product_cat":[572,103],"product_tag":[],"acf":[],"aioseo_notices":[],"_links":{"self":[{"href":"https:\/\/ventspils.citro.lv\/ru\/wp-json\/wp\/v2\/product\/1160122"}],"collection":[{"href":"https:\/\/ventspils.citro.lv\/ru\/wp-json\/wp\/v2\/product"}],"about":[{"href":"https:\/\/ventspils.citro.lv\/ru\/wp-json\/wp\/v2\/types\/product"}],"wp:featuredmedia":[{"embeddable":true,"href":"https:\/\/ventspils.citro.lv\/ru\/wp-json\/wp\/v2\/media\/1247013"}],"wp:attachment":[{"href":"https:\/\/ventspils.citro.lv\/ru\/wp-json\/wp\/v2\/media?parent=1160122"}],"wp:term":[{"taxonomy":"product_cat","embeddable":true,"href":"https:\/\/ventspils.citro.lv\/ru\/wp-json\/wp\/v2\/product_cat?post=1160122"},{"taxonomy":"product_tag","embeddable":true,"href":"https:\/\/ventspils.citro.lv\/ru\/wp-json\/wp\/v2\/product_tag?post=1160122"}],"curies":[{"name":"wp","href":"https:\/\/api.w.org\/{rel}","templated":true}]}}