{"id":115970,"date":"2026-05-08T03:18:25","date_gmt":"2026-05-08T00:18:25","guid":{"rendered":"https:\/\/ventspils.citro.lv\/veikals\/desa-salami-danu-piskupinata-400g\/"},"modified":"2026-05-11T12:48:59","modified_gmt":"2026-05-11T09:48:59","slug":"desa-salami-danu-puskupinata-400g","status":"publish","type":"product","link":"https:\/\/ventspils.citro.lv\/ru\/veikals\/desa-salami-danu-puskupinata-400g\/","title":{"rendered":"Desa salami D\u0101\u0146u pusk\u016bpin\u0101ta 400g"},"content":{"rendered":"","protected":false},"excerpt":{"rendered":"<p>5.38 \u20ac\/kg<\/p>\n","protected":false},"featured_media":1257709,"template":"","meta":{"_acf_changed":false,"inline_featured_image":false},"product_cat":[135,178],"product_tag":[],"acf":[],"aioseo_notices":[],"_links":{"self":[{"href":"https:\/\/ventspils.citro.lv\/ru\/wp-json\/wp\/v2\/product\/115970"}],"collection":[{"href":"https:\/\/ventspils.citro.lv\/ru\/wp-json\/wp\/v2\/product"}],"about":[{"href":"https:\/\/ventspils.citro.lv\/ru\/wp-json\/wp\/v2\/types\/product"}],"wp:featuredmedia":[{"embeddable":true,"href":"https:\/\/ventspils.citro.lv\/ru\/wp-json\/wp\/v2\/media\/1257709"}],"wp:attachment":[{"href":"https:\/\/ventspils.citro.lv\/ru\/wp-json\/wp\/v2\/media?parent=115970"}],"wp:term":[{"taxonomy":"product_cat","embeddable":true,"href":"https:\/\/ventspils.citro.lv\/ru\/wp-json\/wp\/v2\/product_cat?post=115970"},{"taxonomy":"product_tag","embeddable":true,"href":"https:\/\/ventspils.citro.lv\/ru\/wp-json\/wp\/v2\/product_tag?post=115970"}],"curies":[{"name":"wp","href":"https:\/\/api.w.org\/{rel}","templated":true}]}}