{"id":1159635,"date":"2026-04-24T11:39:49","date_gmt":"2026-04-24T08:39:49","guid":{"rendered":"https:\/\/ventspils.citro.lv\/veikals\/saldejums-druva-mango-sorbets-1l-500g\/"},"modified":"2026-04-24T11:39:59","modified_gmt":"2026-04-24T08:39:59","slug":"saldejums-druva-mango-sorbets-1l-500g","status":"publish","type":"product","link":"https:\/\/ventspils.citro.lv\/ru\/veikals\/saldejums-druva-mango-sorbets-1l-500g\/","title":{"rendered":"Sald\u0113jums Druva Mango sorbets 1L\/500g"},"content":{"rendered":"<p>\u016adens, cukurs, mango koncentr\u0101ts (15,5%), biezin\u0101t\u0101js (ak\u0101cijas \u0161\u0137iedrvielas), kokosriekstu tauki, sk\u0101buma regul\u0113t\u0101js (citronsk\u0101be), stabiliz\u0113t\u0101ji (balt\u0101s ak\u0101cijas sve\u0137i, gu\u0101ra sve\u0137i), emulgators (tauksk\u0101bju mono un diglicer\u012bdi), dabisks mango aromatiz\u0113t\u0101js, kr\u0101sviela (sarkano bie\u0161u koncentr\u0101ts, burk\u0101nu koncentr\u0101ts), dabisks vani\u013cas aromatiz\u0113t\u0101js, kr\u0101sviela (beta karot\u012bns).<\/p>\n","protected":false},"excerpt":{"rendered":"<p>11.98 \u20ac\/kg<\/p>\n","protected":false},"featured_media":1253363,"template":"","meta":{"_acf_changed":false,"inline_featured_image":false},"product_cat":[233,546],"product_tag":[],"acf":[],"aioseo_notices":[],"_links":{"self":[{"href":"https:\/\/ventspils.citro.lv\/ru\/wp-json\/wp\/v2\/product\/1159635"}],"collection":[{"href":"https:\/\/ventspils.citro.lv\/ru\/wp-json\/wp\/v2\/product"}],"about":[{"href":"https:\/\/ventspils.citro.lv\/ru\/wp-json\/wp\/v2\/types\/product"}],"wp:featuredmedia":[{"embeddable":true,"href":"https:\/\/ventspils.citro.lv\/ru\/wp-json\/wp\/v2\/media\/1253363"}],"wp:attachment":[{"href":"https:\/\/ventspils.citro.lv\/ru\/wp-json\/wp\/v2\/media?parent=1159635"}],"wp:term":[{"taxonomy":"product_cat","embeddable":true,"href":"https:\/\/ventspils.citro.lv\/ru\/wp-json\/wp\/v2\/product_cat?post=1159635"},{"taxonomy":"product_tag","embeddable":true,"href":"https:\/\/ventspils.citro.lv\/ru\/wp-json\/wp\/v2\/product_tag?post=1159635"}],"curies":[{"name":"wp","href":"https:\/\/api.w.org\/{rel}","templated":true}]}}