{"id":1159634,"date":"2026-04-24T11:39:49","date_gmt":"2026-04-24T08:39:49","guid":{"rendered":"https:\/\/ventspils.citro.lv\/veikals\/saldejums-druva-cigorinu-1l-500g\/"},"modified":"2026-04-24T11:39:53","modified_gmt":"2026-04-24T08:39:53","slug":"saldejums-druva-cigorinu-1l-500g","status":"publish","type":"product","link":"https:\/\/ventspils.citro.lv\/ru\/veikals\/saldejums-druva-cigorinu-1l-500g\/","title":{"rendered":"Sald\u0113jums Druva cigori\u0146u 1L\/500g"},"content":{"rendered":"<p>PIENS (50%), \u016bdens, cukurs, augu tauki (kokosriekstu), cigori\u0146u ekstrakts (2.5%), PIENA olbaltumvielas, V\u0100JPIENA pulveris, emulgators (tauksk\u0101bju mono un diglicer\u012bdi), stabiliz\u0113t\u0101ji (balt\u0101s ak\u0101cijas sve\u0137i, gu\u0101ra sve\u0137i, karagin\u0101ns), aromatiz\u0113t\u0101js.<\/p>\n","protected":false},"excerpt":{"rendered":"<p>11.98 \u20ac\/kg<\/p>\n","protected":false},"featured_media":1253362,"template":"","meta":{"_acf_changed":false,"inline_featured_image":false},"product_cat":[233,546],"product_tag":[],"acf":[],"aioseo_notices":[],"_links":{"self":[{"href":"https:\/\/ventspils.citro.lv\/ru\/wp-json\/wp\/v2\/product\/1159634"}],"collection":[{"href":"https:\/\/ventspils.citro.lv\/ru\/wp-json\/wp\/v2\/product"}],"about":[{"href":"https:\/\/ventspils.citro.lv\/ru\/wp-json\/wp\/v2\/types\/product"}],"wp:featuredmedia":[{"embeddable":true,"href":"https:\/\/ventspils.citro.lv\/ru\/wp-json\/wp\/v2\/media\/1253362"}],"wp:attachment":[{"href":"https:\/\/ventspils.citro.lv\/ru\/wp-json\/wp\/v2\/media?parent=1159634"}],"wp:term":[{"taxonomy":"product_cat","embeddable":true,"href":"https:\/\/ventspils.citro.lv\/ru\/wp-json\/wp\/v2\/product_cat?post=1159634"},{"taxonomy":"product_tag","embeddable":true,"href":"https:\/\/ventspils.citro.lv\/ru\/wp-json\/wp\/v2\/product_tag?post=1159634"}],"curies":[{"name":"wp","href":"https:\/\/api.w.org\/{rel}","templated":true}]}}