{"id":1159632,"date":"2026-04-24T11:39:36","date_gmt":"2026-04-24T08:39:36","guid":{"rendered":"https:\/\/ventspils.citro.lv\/veikals\/saldejums-druva-medus-kukas-1l-500g\/"},"modified":"2026-04-24T11:39:47","modified_gmt":"2026-04-24T08:39:47","slug":"saldejums-druva-medus-kukas-1l-500g","status":"publish","type":"product","link":"https:\/\/ventspils.citro.lv\/ru\/veikals\/saldejums-druva-medus-kukas-1l-500g\/","title":{"rendered":"Sald\u0113jums Druva medus k\u016bkas 1L\/500g"},"content":{"rendered":"<p>PIENS (40%), \u016bdens, medus cepumu drumstalas (15%) (KVIE\u0160U milti, cukurs, pild\u012bjums ar medus gar\u0161u (15%) (cukurs, \u016bdens, sk\u0101buma regul\u0113t\u0101js (citronsk\u0101be), aromatiz\u0113t\u0101js), margar\u012bns (augu e\u013c\u013cas (palmu, rap\u0161u), \u016bdens, s\u0101ls, emulgatori (E322, E471), sk\u0101buma regul\u0113t\u0101js (citronsk\u0101be), SVIESTA aromatiz\u0113t\u0101js, kr\u0101sviela (karot\u012bni)), da\u017e\u0101du ziedu medus (6%), dzeram\u0101 soda, aromatiz\u0113t\u0101js (medus), s\u0101ls, sk\u0101buma regul\u0113t\u0101js (citronsk\u0101be)), cukurs, kokosriekstu tauki, karame\u013cu piedeva (6%) (glikozes-fruktozes s\u012brups, cukurs, IEBIEZIN\u0100TS PIENS ar cukuru, \u016bdens, SVIESTS, dedzin\u0101ta cukura s\u012brups, s\u0101ls, dabisks aromatiz\u0113t\u0101js, biezin\u0101t\u0101js (pekt\u012bns), antioksidants (askorb\u012bnsk\u0101be)), PIENA olbaltumvielas, V\u0100JPIENA pulveris, emulgators (tauksk\u0101bju mono un diglicer\u012bdi), stabiliz\u0113t\u0101ji (balt\u0101s ak\u0101cijas sve\u0137i, gu\u0101ra sve\u0137i, karagin\u0101ns), dabisks vani\u013cas aromatiz\u0113t\u0101js.<\/p>\n","protected":false},"excerpt":{"rendered":"<p>11.98 \u20ac\/kg<\/p>\n","protected":false},"featured_media":1253361,"template":"","meta":{"_acf_changed":false,"inline_featured_image":false},"product_cat":[233,546],"product_tag":[],"acf":[],"aioseo_notices":[],"_links":{"self":[{"href":"https:\/\/ventspils.citro.lv\/ru\/wp-json\/wp\/v2\/product\/1159632"}],"collection":[{"href":"https:\/\/ventspils.citro.lv\/ru\/wp-json\/wp\/v2\/product"}],"about":[{"href":"https:\/\/ventspils.citro.lv\/ru\/wp-json\/wp\/v2\/types\/product"}],"wp:featuredmedia":[{"embeddable":true,"href":"https:\/\/ventspils.citro.lv\/ru\/wp-json\/wp\/v2\/media\/1253361"}],"wp:attachment":[{"href":"https:\/\/ventspils.citro.lv\/ru\/wp-json\/wp\/v2\/media?parent=1159632"}],"wp:term":[{"taxonomy":"product_cat","embeddable":true,"href":"https:\/\/ventspils.citro.lv\/ru\/wp-json\/wp\/v2\/product_cat?post=1159632"},{"taxonomy":"product_tag","embeddable":true,"href":"https:\/\/ventspils.citro.lv\/ru\/wp-json\/wp\/v2\/product_tag?post=1159632"}],"curies":[{"name":"wp","href":"https:\/\/api.w.org\/{rel}","templated":true}]}}