{"id":1159631,"date":"2026-03-24T01:57:50","date_gmt":"2026-03-23T23:57:50","guid":{"rendered":"https:\/\/ventspils.citro.lv\/veikals\/saldejums-mr-big-vanilas-bez-laktozes-1-4l-680g\/"},"modified":"2026-03-24T01:58:01","modified_gmt":"2026-03-23T23:58:01","slug":"saldejums-mr-big-vanilas-bez-laktozes-1-4l-680g","status":"publish","type":"product","link":"https:\/\/ventspils.citro.lv\/ru\/veikals\/saldejums-mr-big-vanilas-bez-laktozes-1-4l-680g\/","title":{"rendered":"Sald\u0113jums Mr Big vani\u013cas  bez laktozes 1.4L\/680g"},"content":{"rendered":"<p>\u016bdens, SALDAIS KR\u0112JUMS, cukurs, V\u0100JPIENA pulveris, SVIESTS, S\u016aKALU pulveris, palielin\u0101t\u0101js: polidekstroze, stabilizatori: ceratoniju aug\u013cu sve\u0137i, gu\u0101ras sve\u0137i; emulgators: tauksk\u0101bju mono- un diglicer\u012bdi, aromatiz\u0113t\u0101js: vani\u013ca, vanil\u012bns.<\/p>\n","protected":false},"excerpt":{"rendered":"<p>10.28 \u20ac\/kg<\/p>\n","protected":false},"featured_media":1231207,"template":"","meta":{"_acf_changed":false,"inline_featured_image":false},"product_cat":[233,546],"product_tag":[],"acf":[],"aioseo_notices":[],"_links":{"self":[{"href":"https:\/\/ventspils.citro.lv\/ru\/wp-json\/wp\/v2\/product\/1159631"}],"collection":[{"href":"https:\/\/ventspils.citro.lv\/ru\/wp-json\/wp\/v2\/product"}],"about":[{"href":"https:\/\/ventspils.citro.lv\/ru\/wp-json\/wp\/v2\/types\/product"}],"wp:featuredmedia":[{"embeddable":true,"href":"https:\/\/ventspils.citro.lv\/ru\/wp-json\/wp\/v2\/media\/1231207"}],"wp:attachment":[{"href":"https:\/\/ventspils.citro.lv\/ru\/wp-json\/wp\/v2\/media?parent=1159631"}],"wp:term":[{"taxonomy":"product_cat","embeddable":true,"href":"https:\/\/ventspils.citro.lv\/ru\/wp-json\/wp\/v2\/product_cat?post=1159631"},{"taxonomy":"product_tag","embeddable":true,"href":"https:\/\/ventspils.citro.lv\/ru\/wp-json\/wp\/v2\/product_tag?post=1159631"}],"curies":[{"name":"wp","href":"https:\/\/api.w.org\/{rel}","templated":true}]}}