{"id":1159629,"date":"2026-04-24T11:39:36","date_gmt":"2026-04-24T08:39:36","guid":{"rendered":"https:\/\/ventspils.citro.lv\/veikals\/saldejums-karlsons-multikaste-660ml-40g\/"},"modified":"2026-04-24T11:39:42","modified_gmt":"2026-04-24T08:39:42","slug":"saldejums-karlsons-multikaste-660ml-40g","status":"publish","type":"product","link":"https:\/\/ventspils.citro.lv\/ru\/veikals\/saldejums-karlsons-multikaste-660ml-40g\/","title":{"rendered":"Sald\u0113jums Karlsons multikaste  6*60ml\/40g"},"content":{"rendered":"<p>\u016bdens, glaz\u016bra 21% (augu e\u013c\u013cas (kokosriekstu, rap\u0161u s\u0113klu), cukurs, kakao pulveris ar samazin\u0101tu tauku saturu, emulgators lecit\u012bni), cukurs, \u0101bolu-upe\u0146u iev\u0101r\u012bjums 11% (\u0101boli 66%, cukurs, upenes 22%, konservants k\u0101lija sorb\u0101ts), augu e\u013c\u013cas (palmu (A)* un\/vai kokosriekstu (B)*, un\/vai \u0161\u012b (C)*, un\/vai rap\u0161u s\u0113klu (D)*), saus\u0101s SIERA S\u016aKALAS, sausais V\u0100JPIENS, kakao pulveris ar samazin\u0101tu tauku saturu, emulgators tauksk\u0101bju mono- un diglicer\u012bdi, stabiliz\u0113t\u0101ji: balt\u0101s ak\u0101cijas sve\u0137i, gu\u0101ra sve\u0137i, karagin\u0101ns; dab\u012bgs KR\u0112JUMA aromatiz\u0113t\u0101js, \u0161okol\u0101de 0,03%, aromatiz\u0113t\u0101js vanil\u012bns. Var satur\u0113t GLUT\u0112NA, ZEMESRIEKSTU, RIEKSTU, OLU, SOJAS da\u013ci\u0146as.<\/p>\n","protected":false},"excerpt":{"rendered":"<p>16.63 \u20ac\/kg<\/p>\n","protected":false},"featured_media":1253360,"template":"","meta":{"_acf_changed":false,"inline_featured_image":false},"product_cat":[233,555],"product_tag":[],"acf":[],"aioseo_notices":[],"_links":{"self":[{"href":"https:\/\/ventspils.citro.lv\/ru\/wp-json\/wp\/v2\/product\/1159629"}],"collection":[{"href":"https:\/\/ventspils.citro.lv\/ru\/wp-json\/wp\/v2\/product"}],"about":[{"href":"https:\/\/ventspils.citro.lv\/ru\/wp-json\/wp\/v2\/types\/product"}],"wp:featuredmedia":[{"embeddable":true,"href":"https:\/\/ventspils.citro.lv\/ru\/wp-json\/wp\/v2\/media\/1253360"}],"wp:attachment":[{"href":"https:\/\/ventspils.citro.lv\/ru\/wp-json\/wp\/v2\/media?parent=1159629"}],"wp:term":[{"taxonomy":"product_cat","embeddable":true,"href":"https:\/\/ventspils.citro.lv\/ru\/wp-json\/wp\/v2\/product_cat?post=1159629"},{"taxonomy":"product_tag","embeddable":true,"href":"https:\/\/ventspils.citro.lv\/ru\/wp-json\/wp\/v2\/product_tag?post=1159629"}],"curies":[{"name":"wp","href":"https:\/\/api.w.org\/{rel}","templated":true}]}}