{"id":1151413,"date":"2026-04-09T04:54:50","date_gmt":"2026-04-09T01:54:50","guid":{"rendered":"https:\/\/ventspils.citro.lv\/veikals\/skusanas-gels-gillette-satin-lavender-200ml\/"},"modified":"2026-04-09T04:54:54","modified_gmt":"2026-04-09T01:54:54","slug":"skusanas-gels-gillette-satin-lavender-200ml","status":"publish","type":"product","link":"https:\/\/ventspils.citro.lv\/ru\/veikals\/skusanas-gels-gillette-satin-lavender-200ml\/","title":{"rendered":"Sk\u016b\u0161an\u0101s g\u0113ls Gillette Satin Lavender 200ml"},"content":{"rendered":"","protected":false},"excerpt":{"rendered":"<p>19.95 \u20ac\/l<\/p>\n","protected":false},"featured_media":1242433,"template":"","meta":{"_acf_changed":false,"inline_featured_image":false},"product_cat":[127,170],"product_tag":[],"acf":[],"aioseo_notices":[],"_links":{"self":[{"href":"https:\/\/ventspils.citro.lv\/ru\/wp-json\/wp\/v2\/product\/1151413"}],"collection":[{"href":"https:\/\/ventspils.citro.lv\/ru\/wp-json\/wp\/v2\/product"}],"about":[{"href":"https:\/\/ventspils.citro.lv\/ru\/wp-json\/wp\/v2\/types\/product"}],"wp:featuredmedia":[{"embeddable":true,"href":"https:\/\/ventspils.citro.lv\/ru\/wp-json\/wp\/v2\/media\/1242433"}],"wp:attachment":[{"href":"https:\/\/ventspils.citro.lv\/ru\/wp-json\/wp\/v2\/media?parent=1151413"}],"wp:term":[{"taxonomy":"product_cat","embeddable":true,"href":"https:\/\/ventspils.citro.lv\/ru\/wp-json\/wp\/v2\/product_cat?post=1151413"},{"taxonomy":"product_tag","embeddable":true,"href":"https:\/\/ventspils.citro.lv\/ru\/wp-json\/wp\/v2\/product_tag?post=1151413"}],"curies":[{"name":"wp","href":"https:\/\/api.w.org\/{rel}","templated":true}]}}