{"id":1151405,"date":"2026-03-17T09:21:45","date_gmt":"2026-03-17T07:21:45","guid":{"rendered":"https:\/\/ventspils.citro.lv\/veikals\/merce-pesto-ar-saule-kaltetiem-tomatiem-filippo-berio-190g\/"},"modified":"2026-03-17T09:21:51","modified_gmt":"2026-03-17T07:21:51","slug":"merce-pesto-ar-saule-kaltetiem-tomatiem-filippo-berio-190g","status":"publish","type":"product","link":"https:\/\/ventspils.citro.lv\/ru\/veikals\/merce-pesto-ar-saule-kaltetiem-tomatiem-filippo-berio-190g\/","title":{"rendered":"M\u0113rce pesto ar saul\u0113 kalt\u0113tiem tom\u0101tiem Filippo Berio 190g"},"content":{"rendered":"","protected":false},"excerpt":{"rendered":"<p>19.95 \u20ac\/kg<\/p>\n","protected":false},"featured_media":1227737,"template":"","meta":{"_acf_changed":false,"inline_featured_image":false},"product_cat":[116,208],"product_tag":[],"acf":[],"aioseo_notices":[],"_links":{"self":[{"href":"https:\/\/ventspils.citro.lv\/ru\/wp-json\/wp\/v2\/product\/1151405"}],"collection":[{"href":"https:\/\/ventspils.citro.lv\/ru\/wp-json\/wp\/v2\/product"}],"about":[{"href":"https:\/\/ventspils.citro.lv\/ru\/wp-json\/wp\/v2\/types\/product"}],"wp:featuredmedia":[{"embeddable":true,"href":"https:\/\/ventspils.citro.lv\/ru\/wp-json\/wp\/v2\/media\/1227737"}],"wp:attachment":[{"href":"https:\/\/ventspils.citro.lv\/ru\/wp-json\/wp\/v2\/media?parent=1151405"}],"wp:term":[{"taxonomy":"product_cat","embeddable":true,"href":"https:\/\/ventspils.citro.lv\/ru\/wp-json\/wp\/v2\/product_cat?post=1151405"},{"taxonomy":"product_tag","embeddable":true,"href":"https:\/\/ventspils.citro.lv\/ru\/wp-json\/wp\/v2\/product_tag?post=1151405"}],"curies":[{"name":"wp","href":"https:\/\/api.w.org\/{rel}","templated":true}]}}