{"id":1151385,"date":"2026-03-04T03:46:08","date_gmt":"2026-03-04T01:46:08","guid":{"rendered":"https:\/\/ventspils.citro.lv\/veikals\/biezenis-tymbark-abolu-apelsinu-bananu-marakuja-120g\/"},"modified":"2026-05-01T17:54:24","modified_gmt":"2026-05-01T14:54:24","slug":"biezenis-tymbark-abolu-apelsinu-bananu-marakuja-120g","status":"publish","type":"product","link":"https:\/\/ventspils.citro.lv\/ru\/veikals\/biezenis-tymbark-abolu-apelsinu-bananu-marakuja-120g\/","title":{"rendered":"Biezenis Tymbark \u0101bolu, apels\u012bnu, ban\u0101nu, marakuja 120g"},"content":{"rendered":"","protected":false},"excerpt":{"rendered":"<p>11.58 \u20ac\/kg<\/p>\n","protected":false},"featured_media":1221441,"template":"","meta":{"_acf_changed":false,"inline_featured_image":false},"product_cat":[103,193],"product_tag":[],"acf":[],"aioseo_notices":[],"_links":{"self":[{"href":"https:\/\/ventspils.citro.lv\/ru\/wp-json\/wp\/v2\/product\/1151385"}],"collection":[{"href":"https:\/\/ventspils.citro.lv\/ru\/wp-json\/wp\/v2\/product"}],"about":[{"href":"https:\/\/ventspils.citro.lv\/ru\/wp-json\/wp\/v2\/types\/product"}],"wp:featuredmedia":[{"embeddable":true,"href":"https:\/\/ventspils.citro.lv\/ru\/wp-json\/wp\/v2\/media\/1221441"}],"wp:attachment":[{"href":"https:\/\/ventspils.citro.lv\/ru\/wp-json\/wp\/v2\/media?parent=1151385"}],"wp:term":[{"taxonomy":"product_cat","embeddable":true,"href":"https:\/\/ventspils.citro.lv\/ru\/wp-json\/wp\/v2\/product_cat?post=1151385"},{"taxonomy":"product_tag","embeddable":true,"href":"https:\/\/ventspils.citro.lv\/ru\/wp-json\/wp\/v2\/product_tag?post=1151385"}],"curies":[{"name":"wp","href":"https:\/\/api.w.org\/{rel}","templated":true}]}}