{"id":1151374,"date":"2026-04-03T01:33:39","date_gmt":"2026-04-02T22:33:39","guid":{"rendered":"https:\/\/ventspils.citro.lv\/veikals\/konfektes-karamele-ar-pildijumu-beri-roshen-sver\/"},"modified":"2026-04-03T01:33:53","modified_gmt":"2026-04-02T22:33:53","slug":"konfektes-karamele-ar-pildijumu-beri-roshen-sver","status":"publish","type":"product","link":"https:\/\/ventspils.citro.lv\/ru\/veikals\/konfektes-karamele-ar-pildijumu-beri-roshen-sver\/","title":{"rendered":"Konfektes karamele ar pild\u012bjumu Beri Roshen sver."},"content":{"rendered":"<p>Sast\u0101vs: cukurs, glikozes s\u012brups, sk\u0101buma regul\u0113t\u0101ji: piensk\u0101be, citronsk\u0101be; aromatiz\u0113t\u0101ji, kr\u0101svielas: antocian\u012bni, paprikas ekstrakts, indigokarm\u012bns.  Produkts var satur\u0113t piena produktus un soju.Ener\u0123\u0113tisk\u0101 un uzturv\u0113rt\u012bba 100\u00a0g: 1613\u00a0kJ\/379\u00a0kcal; tauki\u00a0\u2013 0\u00a0g, tostarp pies\u0101tin\u0101t\u0101s tauksk\u0101bes\u00a0\u2013 0\u00a0g; og\u013chidr\u0101ti\u00a0\u2013 93,8\u00a0g, tostarp cukuri\u00a0\u2013 69,6\u00a0g; olbaltumvielas\u00a0\u2013 0\u00a0g; s\u0101ls\u00a0\u2013 0\u00a0g.<\/p>\n","protected":false},"excerpt":{"rendered":"<p>4.39 \u20ac\/kg<\/p>\n","protected":false},"featured_media":1239507,"template":"","meta":{"_acf_changed":false,"inline_featured_image":false},"product_cat":[533,125],"product_tag":[],"acf":[],"aioseo_notices":[],"_links":{"self":[{"href":"https:\/\/ventspils.citro.lv\/ru\/wp-json\/wp\/v2\/product\/1151374"}],"collection":[{"href":"https:\/\/ventspils.citro.lv\/ru\/wp-json\/wp\/v2\/product"}],"about":[{"href":"https:\/\/ventspils.citro.lv\/ru\/wp-json\/wp\/v2\/types\/product"}],"wp:featuredmedia":[{"embeddable":true,"href":"https:\/\/ventspils.citro.lv\/ru\/wp-json\/wp\/v2\/media\/1239507"}],"wp:attachment":[{"href":"https:\/\/ventspils.citro.lv\/ru\/wp-json\/wp\/v2\/media?parent=1151374"}],"wp:term":[{"taxonomy":"product_cat","embeddable":true,"href":"https:\/\/ventspils.citro.lv\/ru\/wp-json\/wp\/v2\/product_cat?post=1151374"},{"taxonomy":"product_tag","embeddable":true,"href":"https:\/\/ventspils.citro.lv\/ru\/wp-json\/wp\/v2\/product_tag?post=1151374"}],"curies":[{"name":"wp","href":"https:\/\/api.w.org\/{rel}","templated":true}]}}