{"id":1151369,"date":"2026-04-08T06:27:48","date_gmt":"2026-04-08T03:27:48","guid":{"rendered":"https:\/\/ventspils.citro.lv\/veikals\/konfektes-karameles-putojosas-ar-auglu-garsu-musss-100g\/"},"modified":"2026-04-08T06:27:58","modified_gmt":"2026-04-08T03:27:58","slug":"konfektes-karameles-putojosas-ar-auglu-garsu-musss-100g","status":"publish","type":"product","link":"https:\/\/ventspils.citro.lv\/ru\/veikals\/konfektes-karameles-putojosas-ar-auglu-garsu-musss-100g\/","title":{"rendered":"Konfektes karameles putojo\u0161\u0101s ar aug\u013cu gar\u0161u Musss 100g"},"content":{"rendered":"","protected":false},"excerpt":{"rendered":"<p>5.90 \u20ac\/kg<\/p>\n","protected":false},"featured_media":1241409,"template":"","meta":{"_acf_changed":false,"inline_featured_image":false},"product_cat":[533,125],"product_tag":[],"acf":[],"aioseo_notices":[],"_links":{"self":[{"href":"https:\/\/ventspils.citro.lv\/ru\/wp-json\/wp\/v2\/product\/1151369"}],"collection":[{"href":"https:\/\/ventspils.citro.lv\/ru\/wp-json\/wp\/v2\/product"}],"about":[{"href":"https:\/\/ventspils.citro.lv\/ru\/wp-json\/wp\/v2\/types\/product"}],"wp:featuredmedia":[{"embeddable":true,"href":"https:\/\/ventspils.citro.lv\/ru\/wp-json\/wp\/v2\/media\/1241409"}],"wp:attachment":[{"href":"https:\/\/ventspils.citro.lv\/ru\/wp-json\/wp\/v2\/media?parent=1151369"}],"wp:term":[{"taxonomy":"product_cat","embeddable":true,"href":"https:\/\/ventspils.citro.lv\/ru\/wp-json\/wp\/v2\/product_cat?post=1151369"},{"taxonomy":"product_tag","embeddable":true,"href":"https:\/\/ventspils.citro.lv\/ru\/wp-json\/wp\/v2\/product_tag?post=1151369"}],"curies":[{"name":"wp","href":"https:\/\/api.w.org\/{rel}","templated":true}]}}