{"id":1151355,"date":"2026-04-18T01:48:25","date_gmt":"2026-04-17T22:48:25","guid":{"rendered":"https:\/\/ventspils.citro.lv\/veikals\/sokolades-batonins-tupla-double-layer-vanilla-48g\/"},"modified":"2026-04-18T10:00:41","modified_gmt":"2026-04-18T07:00:41","slug":"sokolades-batonins-tupla-double-layer-vanilla-48g","status":"publish","type":"product","link":"https:\/\/ventspils.citro.lv\/ru\/veikals\/sokolades-batonins-tupla-double-layer-vanilla-48g\/","title":{"rendered":"\u0160okol\u0101des batoni\u0146\u0161 Tupla Double layer vanilla 48g"},"content":{"rendered":"","protected":false},"excerpt":{"rendered":"<p>14.38 \u20ac\/kg<\/p>\n","protected":false},"featured_media":1247193,"template":"","meta":{"_acf_changed":false,"inline_featured_image":false},"product_cat":[556,125],"product_tag":[],"acf":[],"aioseo_notices":[],"_links":{"self":[{"href":"https:\/\/ventspils.citro.lv\/ru\/wp-json\/wp\/v2\/product\/1151355"}],"collection":[{"href":"https:\/\/ventspils.citro.lv\/ru\/wp-json\/wp\/v2\/product"}],"about":[{"href":"https:\/\/ventspils.citro.lv\/ru\/wp-json\/wp\/v2\/types\/product"}],"wp:featuredmedia":[{"embeddable":true,"href":"https:\/\/ventspils.citro.lv\/ru\/wp-json\/wp\/v2\/media\/1247193"}],"wp:attachment":[{"href":"https:\/\/ventspils.citro.lv\/ru\/wp-json\/wp\/v2\/media?parent=1151355"}],"wp:term":[{"taxonomy":"product_cat","embeddable":true,"href":"https:\/\/ventspils.citro.lv\/ru\/wp-json\/wp\/v2\/product_cat?post=1151355"},{"taxonomy":"product_tag","embeddable":true,"href":"https:\/\/ventspils.citro.lv\/ru\/wp-json\/wp\/v2\/product_tag?post=1151355"}],"curies":[{"name":"wp","href":"https:\/\/api.w.org\/{rel}","templated":true}]}}