{"id":1144401,"date":"2026-05-12T08:48:12","date_gmt":"2026-05-12T05:48:12","guid":{"rendered":"https:\/\/ventspils.citro.lv\/veikals\/velas-mazgasanas-zeleja-ariel-mountain-spring-1-125l\/"},"modified":"2026-05-12T08:48:21","modified_gmt":"2026-05-12T05:48:21","slug":"velas-mazgasanas-zeleja-ariel-mountain-spring-1-125l","status":"publish","type":"product","link":"https:\/\/ventspils.citro.lv\/ru\/veikals\/velas-mazgasanas-zeleja-ariel-mountain-spring-1-125l\/","title":{"rendered":"Ve\u013cas mazg\u0101\u0161anas \u017eeleja Ariel Mountain Spring 1.125l"},"content":{"rendered":"","protected":false},"excerpt":{"rendered":"<p>9.77 \u20ac\/l<\/p>\n","protected":false},"featured_media":1259997,"template":"","meta":{"_acf_changed":false,"inline_featured_image":false},"product_cat":[131,184],"product_tag":[],"acf":[],"aioseo_notices":[],"_links":{"self":[{"href":"https:\/\/ventspils.citro.lv\/ru\/wp-json\/wp\/v2\/product\/1144401"}],"collection":[{"href":"https:\/\/ventspils.citro.lv\/ru\/wp-json\/wp\/v2\/product"}],"about":[{"href":"https:\/\/ventspils.citro.lv\/ru\/wp-json\/wp\/v2\/types\/product"}],"wp:featuredmedia":[{"embeddable":true,"href":"https:\/\/ventspils.citro.lv\/ru\/wp-json\/wp\/v2\/media\/1259997"}],"wp:attachment":[{"href":"https:\/\/ventspils.citro.lv\/ru\/wp-json\/wp\/v2\/media?parent=1144401"}],"wp:term":[{"taxonomy":"product_cat","embeddable":true,"href":"https:\/\/ventspils.citro.lv\/ru\/wp-json\/wp\/v2\/product_cat?post=1144401"},{"taxonomy":"product_tag","embeddable":true,"href":"https:\/\/ventspils.citro.lv\/ru\/wp-json\/wp\/v2\/product_tag?post=1144401"}],"curies":[{"name":"wp","href":"https:\/\/api.w.org\/{rel}","templated":true}]}}