{"id":1144389,"date":"2026-03-31T05:03:16","date_gmt":"2026-03-31T02:03:16","guid":{"rendered":"https:\/\/ventspils.citro.lv\/veikals\/cipsi-lays-ar-tomatu-garsu-200g\/"},"modified":"2026-03-31T05:03:30","modified_gmt":"2026-03-31T02:03:30","slug":"cipsi-lays-ar-tomatu-garsu-200g","status":"publish","type":"product","link":"https:\/\/ventspils.citro.lv\/ru\/veikals\/cipsi-lays-ar-tomatu-garsu-200g\/","title":{"rendered":"\u010cip\u0161i Lay&#8217;s ar tom\u0101tu gar\u0161u 200g"},"content":{"rendered":"","protected":false},"excerpt":{"rendered":"<p>14.95 \u20ac\/kg<\/p>\n","protected":false},"featured_media":1238470,"template":"","meta":{"_acf_changed":false,"inline_featured_image":false},"product_cat":[125,191],"product_tag":[],"acf":[],"aioseo_notices":[],"_links":{"self":[{"href":"https:\/\/ventspils.citro.lv\/ru\/wp-json\/wp\/v2\/product\/1144389"}],"collection":[{"href":"https:\/\/ventspils.citro.lv\/ru\/wp-json\/wp\/v2\/product"}],"about":[{"href":"https:\/\/ventspils.citro.lv\/ru\/wp-json\/wp\/v2\/types\/product"}],"wp:featuredmedia":[{"embeddable":true,"href":"https:\/\/ventspils.citro.lv\/ru\/wp-json\/wp\/v2\/media\/1238470"}],"wp:attachment":[{"href":"https:\/\/ventspils.citro.lv\/ru\/wp-json\/wp\/v2\/media?parent=1144389"}],"wp:term":[{"taxonomy":"product_cat","embeddable":true,"href":"https:\/\/ventspils.citro.lv\/ru\/wp-json\/wp\/v2\/product_cat?post=1144389"},{"taxonomy":"product_tag","embeddable":true,"href":"https:\/\/ventspils.citro.lv\/ru\/wp-json\/wp\/v2\/product_tag?post=1144389"}],"curies":[{"name":"wp","href":"https:\/\/api.w.org\/{rel}","templated":true}]}}