{"id":1144368,"date":"2026-04-24T11:24:36","date_gmt":"2026-04-24T08:24:36","guid":{"rendered":"https:\/\/ventspils.citro.lv\/veikals\/konservs-primadog-lasa-maltite-260g-maisins\/"},"modified":"2026-04-24T11:24:40","modified_gmt":"2026-04-24T08:24:40","slug":"konservs-primadog-lasa-maltite-260g-maisins","status":"publish","type":"product","link":"https:\/\/ventspils.citro.lv\/ru\/veikals\/konservs-primadog-lasa-maltite-260g-maisins\/","title":{"rendered":"Konservs PrimaDog  la\u0161a malt\u012bte 260g. maisi\u0146\u0161"},"content":{"rendered":"","protected":false},"excerpt":{"rendered":"<p>9.58 \u20ac\/kg<\/p>\n","protected":false},"featured_media":1253300,"template":"","meta":{"_acf_changed":false,"inline_featured_image":false},"product_cat":[617,153],"product_tag":[],"acf":[],"aioseo_notices":[],"_links":{"self":[{"href":"https:\/\/ventspils.citro.lv\/ru\/wp-json\/wp\/v2\/product\/1144368"}],"collection":[{"href":"https:\/\/ventspils.citro.lv\/ru\/wp-json\/wp\/v2\/product"}],"about":[{"href":"https:\/\/ventspils.citro.lv\/ru\/wp-json\/wp\/v2\/types\/product"}],"wp:featuredmedia":[{"embeddable":true,"href":"https:\/\/ventspils.citro.lv\/ru\/wp-json\/wp\/v2\/media\/1253300"}],"wp:attachment":[{"href":"https:\/\/ventspils.citro.lv\/ru\/wp-json\/wp\/v2\/media?parent=1144368"}],"wp:term":[{"taxonomy":"product_cat","embeddable":true,"href":"https:\/\/ventspils.citro.lv\/ru\/wp-json\/wp\/v2\/product_cat?post=1144368"},{"taxonomy":"product_tag","embeddable":true,"href":"https:\/\/ventspils.citro.lv\/ru\/wp-json\/wp\/v2\/product_tag?post=1144368"}],"curies":[{"name":"wp","href":"https:\/\/api.w.org\/{rel}","templated":true}]}}