{"id":1141627,"date":"2026-04-01T01:27:02","date_gmt":"2026-03-31T22:27:02","guid":{"rendered":"https:\/\/ventspils.citro.lv\/veikals\/renges-ceptas-marinade-sv\/"},"modified":"2026-04-01T01:27:09","modified_gmt":"2026-03-31T22:27:09","slug":"renges-ceptas-marinade-sv","status":"publish","type":"product","link":"https:\/\/ventspils.citro.lv\/ru\/veikals\/renges-ceptas-marinade-sv\/","title":{"rendered":"Re\u0146\u0123es ceptas marin\u0101d\u0113 sv."},"content":{"rendered":"","protected":false},"excerpt":{"rendered":"<p>6.99 \u20ac\/kg<\/p>\n","protected":false},"featured_media":1238573,"template":"","meta":{"_acf_changed":false,"inline_featured_image":false},"product_cat":[586,135],"product_tag":[],"acf":[],"aioseo_notices":[],"_links":{"self":[{"href":"https:\/\/ventspils.citro.lv\/ru\/wp-json\/wp\/v2\/product\/1141627"}],"collection":[{"href":"https:\/\/ventspils.citro.lv\/ru\/wp-json\/wp\/v2\/product"}],"about":[{"href":"https:\/\/ventspils.citro.lv\/ru\/wp-json\/wp\/v2\/types\/product"}],"wp:featuredmedia":[{"embeddable":true,"href":"https:\/\/ventspils.citro.lv\/ru\/wp-json\/wp\/v2\/media\/1238573"}],"wp:attachment":[{"href":"https:\/\/ventspils.citro.lv\/ru\/wp-json\/wp\/v2\/media?parent=1141627"}],"wp:term":[{"taxonomy":"product_cat","embeddable":true,"href":"https:\/\/ventspils.citro.lv\/ru\/wp-json\/wp\/v2\/product_cat?post=1141627"},{"taxonomy":"product_tag","embeddable":true,"href":"https:\/\/ventspils.citro.lv\/ru\/wp-json\/wp\/v2\/product_tag?post=1141627"}],"curies":[{"name":"wp","href":"https:\/\/api.w.org\/{rel}","templated":true}]}}