{"id":1139486,"date":"2026-02-03T01:12:03","date_gmt":"2026-02-02T23:12:03","guid":{"rendered":"https:\/\/ventspils.citro.lv\/veikals\/bretlinu-fileja-vira-buca-ella-sver\/"},"modified":"2026-02-03T01:12:22","modified_gmt":"2026-02-02T23:12:22","slug":"bretlinu-fileja-vira-buca-ella-sver","status":"publish","type":"product","link":"https:\/\/ventspils.citro.lv\/ru\/veikals\/bretlinu-fileja-vira-buca-ella-sver\/","title":{"rendered":"Br\u0113tli\u0146u fileja V\u012bra bu\u010da e\u013c\u013c\u0101 sver."},"content":{"rendered":"<p>Sast\u0101vda\u013cas: gar\u0161viel\u0101s s\u0101l\u012btas BR\u0112TLI\u0145U filejas ne maz\u0101k k\u0101 83% (p\u0101rtikas s\u0101ls, gar\u0161vielas, konservanti &#8212; n\u0101trija benzo\u0101ts, k\u0101lija sorb\u0101ts), augu e\u013c\u013ca &#8212; rafin\u0113ta rap\u0161u e\u013c\u013ca ne vair\u0101k k\u0101 17%. Var satur\u0113t KVIE\u0160U miltus. P\u0113c iepakojuma atv\u0113r\u0161anas izlietot 72 stundu laik\u0101. Uzglab\u0101t no -2C&#8230;+6C.<\/p>\n","protected":false},"excerpt":{"rendered":"<p>&nbsp;<\/p>\n","protected":false},"featured_media":1204361,"template":"","meta":{"_acf_changed":false,"inline_featured_image":false},"product_cat":[545,135],"product_tag":[],"acf":[],"aioseo_notices":[],"_links":{"self":[{"href":"https:\/\/ventspils.citro.lv\/ru\/wp-json\/wp\/v2\/product\/1139486"}],"collection":[{"href":"https:\/\/ventspils.citro.lv\/ru\/wp-json\/wp\/v2\/product"}],"about":[{"href":"https:\/\/ventspils.citro.lv\/ru\/wp-json\/wp\/v2\/types\/product"}],"wp:featuredmedia":[{"embeddable":true,"href":"https:\/\/ventspils.citro.lv\/ru\/wp-json\/wp\/v2\/media\/1204361"}],"wp:attachment":[{"href":"https:\/\/ventspils.citro.lv\/ru\/wp-json\/wp\/v2\/media?parent=1139486"}],"wp:term":[{"taxonomy":"product_cat","embeddable":true,"href":"https:\/\/ventspils.citro.lv\/ru\/wp-json\/wp\/v2\/product_cat?post=1139486"},{"taxonomy":"product_tag","embeddable":true,"href":"https:\/\/ventspils.citro.lv\/ru\/wp-json\/wp\/v2\/product_tag?post=1139486"}],"curies":[{"name":"wp","href":"https:\/\/api.w.org\/{rel}","templated":true}]}}