{"id":1135962,"date":"2026-04-03T01:33:39","date_gmt":"2026-04-02T22:33:39","guid":{"rendered":"https:\/\/ventspils.citro.lv\/veikals\/mikla-cepumiem-vanila-ar-dzervenem-450g\/"},"modified":"2026-04-03T01:33:47","modified_gmt":"2026-04-02T22:33:47","slug":"mikla-cepumiem-vanila-ar-dzervenem-450g","status":"publish","type":"product","link":"https:\/\/ventspils.citro.lv\/ru\/veikals\/mikla-cepumiem-vanila-ar-dzervenem-450g\/","title":{"rendered":"M\u012bkla cepumiem Vani\u013ca ar dz\u0113rven\u0113m 450g"},"content":{"rendered":"","protected":false},"excerpt":{"rendered":"<p>7.98 \u20ac\/kg<\/p>\n","protected":false},"featured_media":1239506,"template":"","meta":{"_acf_changed":false,"inline_featured_image":false},"product_cat":[531,113],"product_tag":[],"acf":[],"aioseo_notices":[],"_links":{"self":[{"href":"https:\/\/ventspils.citro.lv\/ru\/wp-json\/wp\/v2\/product\/1135962"}],"collection":[{"href":"https:\/\/ventspils.citro.lv\/ru\/wp-json\/wp\/v2\/product"}],"about":[{"href":"https:\/\/ventspils.citro.lv\/ru\/wp-json\/wp\/v2\/types\/product"}],"wp:featuredmedia":[{"embeddable":true,"href":"https:\/\/ventspils.citro.lv\/ru\/wp-json\/wp\/v2\/media\/1239506"}],"wp:attachment":[{"href":"https:\/\/ventspils.citro.lv\/ru\/wp-json\/wp\/v2\/media?parent=1135962"}],"wp:term":[{"taxonomy":"product_cat","embeddable":true,"href":"https:\/\/ventspils.citro.lv\/ru\/wp-json\/wp\/v2\/product_cat?post=1135962"},{"taxonomy":"product_tag","embeddable":true,"href":"https:\/\/ventspils.citro.lv\/ru\/wp-json\/wp\/v2\/product_tag?post=1135962"}],"curies":[{"name":"wp","href":"https:\/\/api.w.org\/{rel}","templated":true}]}}