{"id":1135952,"date":"2026-01-31T03:24:26","date_gmt":"2026-01-31T01:24:26","guid":{"rendered":"https:\/\/ventspils.citro.lv\/veikals\/cipsi-crunchips-x-cut-sour-cream-krejums-zalumi-75g\/"},"modified":"2026-01-31T03:24:36","modified_gmt":"2026-01-31T01:24:36","slug":"cipsi-crunchips-x-cut-sour-cream-krejums-zalumi-75g","status":"publish","type":"product","link":"https:\/\/ventspils.citro.lv\/ru\/veikals\/cipsi-crunchips-x-cut-sour-cream-krejums-zalumi-75g\/","title":{"rendered":"\u010cipsi Crunchips X-Cut Sour Cream kr\u0113jums za\u013cumi 75g"},"content":{"rendered":"<p>Kartupe\u013ci, augu e\u013c\u013cas (saulespu\u0137u, rap\u0161u e\u013c\u013cas da\u017e\u0101d\u0101s proporcij\u0101s), saldo s\u016bkalu pulveris (no piena), s\u012bpolu pulveris, s\u0101ls, dekstroze, cukurs, pani\u0146u pulveris, p\u0113ters\u012b\u013ci, sk\u0101b\u0101 kr\u0113juma pulveris, v\u0101jpiena pulveris, aromatiz\u0113t\u0101ji (satur piena produktus), rauga ekstrakts, antioksidants: tokoferola ekstrakts.<\/p>\n","protected":false},"excerpt":{"rendered":"<p>15.87 \u20ac\/kg<\/p>\n","protected":false},"featured_media":1204086,"template":"","meta":{"_acf_changed":false,"inline_featured_image":false},"product_cat":[125,191],"product_tag":[],"acf":[],"aioseo_notices":[],"_links":{"self":[{"href":"https:\/\/ventspils.citro.lv\/ru\/wp-json\/wp\/v2\/product\/1135952"}],"collection":[{"href":"https:\/\/ventspils.citro.lv\/ru\/wp-json\/wp\/v2\/product"}],"about":[{"href":"https:\/\/ventspils.citro.lv\/ru\/wp-json\/wp\/v2\/types\/product"}],"wp:featuredmedia":[{"embeddable":true,"href":"https:\/\/ventspils.citro.lv\/ru\/wp-json\/wp\/v2\/media\/1204086"}],"wp:attachment":[{"href":"https:\/\/ventspils.citro.lv\/ru\/wp-json\/wp\/v2\/media?parent=1135952"}],"wp:term":[{"taxonomy":"product_cat","embeddable":true,"href":"https:\/\/ventspils.citro.lv\/ru\/wp-json\/wp\/v2\/product_cat?post=1135952"},{"taxonomy":"product_tag","embeddable":true,"href":"https:\/\/ventspils.citro.lv\/ru\/wp-json\/wp\/v2\/product_tag?post=1135952"}],"curies":[{"name":"wp","href":"https:\/\/api.w.org\/{rel}","templated":true}]}}