{"id":1135950,"date":"2026-05-12T08:45:02","date_gmt":"2026-05-12T05:45:02","guid":{"rendered":"https:\/\/ventspils.citro.lv\/veikals\/sokolades-batonins-piena-ar-zemesriekstu-pild-roshen-39g\/"},"modified":"2026-05-12T08:45:12","modified_gmt":"2026-05-12T05:45:12","slug":"sokolades-batonins-piena-ar-zemesriekstu-pild-roshen-39g","status":"publish","type":"product","link":"https:\/\/ventspils.citro.lv\/ru\/veikals\/sokolades-batonins-piena-ar-zemesriekstu-pild-roshen-39g\/","title":{"rendered":"\u0160okol\u0101des batoni\u0146\u0161 piena ar zemesriekstu pild. Roshen 39g"},"content":{"rendered":"","protected":false},"excerpt":{"rendered":"<p>17.69 \u20ac\/kg<\/p>\n","protected":false},"featured_media":1259982,"template":"","meta":{"_acf_changed":false,"inline_featured_image":false},"product_cat":[556,125],"product_tag":[],"acf":[],"aioseo_notices":[],"_links":{"self":[{"href":"https:\/\/ventspils.citro.lv\/ru\/wp-json\/wp\/v2\/product\/1135950"}],"collection":[{"href":"https:\/\/ventspils.citro.lv\/ru\/wp-json\/wp\/v2\/product"}],"about":[{"href":"https:\/\/ventspils.citro.lv\/ru\/wp-json\/wp\/v2\/types\/product"}],"wp:featuredmedia":[{"embeddable":true,"href":"https:\/\/ventspils.citro.lv\/ru\/wp-json\/wp\/v2\/media\/1259982"}],"wp:attachment":[{"href":"https:\/\/ventspils.citro.lv\/ru\/wp-json\/wp\/v2\/media?parent=1135950"}],"wp:term":[{"taxonomy":"product_cat","embeddable":true,"href":"https:\/\/ventspils.citro.lv\/ru\/wp-json\/wp\/v2\/product_cat?post=1135950"},{"taxonomy":"product_tag","embeddable":true,"href":"https:\/\/ventspils.citro.lv\/ru\/wp-json\/wp\/v2\/product_tag?post=1135950"}],"curies":[{"name":"wp","href":"https:\/\/api.w.org\/{rel}","templated":true}]}}