{"id":1135948,"date":"2026-04-14T04:43:23","date_gmt":"2026-04-14T01:43:23","guid":{"rendered":"https:\/\/ventspils.citro.lv\/veikals\/sokolades-bat-piena-ar-mandelu-un-kokosr-pild-roshen-38g\/"},"modified":"2026-04-14T04:43:28","modified_gmt":"2026-04-14T01:43:28","slug":"sokolades-bat-piena-ar-mandelu-un-kokosr-pild-roshen-38g","status":"publish","type":"product","link":"https:\/\/ventspils.citro.lv\/ru\/veikals\/sokolades-bat-piena-ar-mandelu-un-kokosr-pild-roshen-38g\/","title":{"rendered":"\u0160okol\u0101des bat. piena ar mande\u013cu un kokosr.pild. Roshen 38g"},"content":{"rendered":"","protected":false},"excerpt":{"rendered":"<p>14.47 \u20ac\/kg<\/p>\n","protected":false},"featured_media":1245795,"template":"","meta":{"_acf_changed":false,"inline_featured_image":false},"product_cat":[556,125],"product_tag":[],"acf":[],"aioseo_notices":[],"_links":{"self":[{"href":"https:\/\/ventspils.citro.lv\/ru\/wp-json\/wp\/v2\/product\/1135948"}],"collection":[{"href":"https:\/\/ventspils.citro.lv\/ru\/wp-json\/wp\/v2\/product"}],"about":[{"href":"https:\/\/ventspils.citro.lv\/ru\/wp-json\/wp\/v2\/types\/product"}],"wp:featuredmedia":[{"embeddable":true,"href":"https:\/\/ventspils.citro.lv\/ru\/wp-json\/wp\/v2\/media\/1245795"}],"wp:attachment":[{"href":"https:\/\/ventspils.citro.lv\/ru\/wp-json\/wp\/v2\/media?parent=1135948"}],"wp:term":[{"taxonomy":"product_cat","embeddable":true,"href":"https:\/\/ventspils.citro.lv\/ru\/wp-json\/wp\/v2\/product_cat?post=1135948"},{"taxonomy":"product_tag","embeddable":true,"href":"https:\/\/ventspils.citro.lv\/ru\/wp-json\/wp\/v2\/product_tag?post=1135948"}],"curies":[{"name":"wp","href":"https:\/\/api.w.org\/{rel}","templated":true}]}}